{"id":176667,"date":"2026-02-26T12:35:53","date_gmt":"2026-02-26T11:35:53","guid":{"rendered":"https:\/\/www.madeinasia.be\/?page_id=176667"},"modified":"2026-02-26T12:35:53","modified_gmt":"2026-02-26T11:35:53","slug":"belgian-valley","status":"publish","type":"page","link":"https:\/\/www.madeinasia.be\/nl\/belgian-valley\/","title":{"rendered":"Belgian Valley"},"content":{"rendered":"\t\t<div data-elementor-type=\"wp-page\" data-elementor-id=\"176667\" class=\"elementor elementor-176667 elementor-176665\" data-elementor-post-type=\"page\">\n\t\t\t\t<div class=\"elementor-element elementor-element-fe22178 e-flex e-con-boxed e-con e-parent\" data-id=\"fe22178\" data-element_type=\"container\">\n\t\t\t\t\t<div class=\"e-con-inner\">\n\t\t<div class=\"elementor-element elementor-element-8e0fbd8 e-con-full border-container e-flex e-con e-child\" data-id=\"8e0fbd8\" data-element_type=\"container\">\n\t\t<div class=\"elementor-element elementor-element-34a7897 e-con-full e-flex e-con e-child\" data-id=\"34a7897\" data-element_type=\"container\" data-settings=\"{&quot;background_background&quot;:&quot;classic&quot;}\">\n\t\t<div class=\"elementor-element elementor-element-2353dd2 e-con-full e-flex e-con e-child\" data-id=\"2353dd2\" data-element_type=\"container\" data-settings=\"{&quot;background_background&quot;:&quot;classic&quot;,&quot;motion_fx_motion_fx_scrolling&quot;:&quot;yes&quot;,&quot;motion_fx_translateY_effect&quot;:&quot;yes&quot;,&quot;motion_fx_translateY_direction&quot;:&quot;negative&quot;,&quot;motion_fx_translateY_speed&quot;:{&quot;unit&quot;:&quot;px&quot;,&quot;size&quot;:3,&quot;sizes&quot;:[]},&quot;motion_fx_devices&quot;:[&quot;desktop&quot;,&quot;tablet&quot;],&quot;motion_fx_translateY_affectedRange&quot;:{&quot;unit&quot;:&quot;%&quot;,&quot;size&quot;:&quot;&quot;,&quot;sizes&quot;:{&quot;start&quot;:0,&quot;end&quot;:100}}}\">\n\t\t\t\t<div class=\"elementor-element elementor-element-17f3d20 elementor-widget elementor-widget-heading\" data-id=\"17f3d20\" data-element_type=\"widget\" data-widget_type=\"heading.default\">\n\t\t\t\t<div class=\"elementor-widget-container\">\n\t\t\t\t\t<h1 class=\"elementor-heading-title elementor-size-default\">Belgian Valley<\/h1>\t\t\t\t<\/div>\n\t\t\t\t<\/div>\n\t\t\t\t<div class=\"elementor-element elementor-element-0366ae6 elementor-widget elementor-widget-heading\" data-id=\"0366ae6\" data-element_type=\"widget\" data-widget_type=\"heading.default\">\n\t\t\t\t<div class=\"elementor-widget-container\">\n\t\t\t\t\t<h2 class=\"elementor-heading-title elementor-size-default\">Ontdek de nieuwe zone speciaal voor jonge Belgische creators.<\/h2>\t\t\t\t<\/div>\n\t\t\t\t<\/div>\n\t\t\t\t<\/div>\n\t\t\t\t<\/div>\n\t\t<div class=\"elementor-element elementor-element-04571c2 e-con-full e-flex e-con e-child\" data-id=\"04571c2\" data-element_type=\"container\" data-settings=\"{&quot;background_background&quot;:&quot;classic&quot;,&quot;shape_divider_top&quot;:&quot;tilt&quot;}\">\n\t\t\t\t<div class=\"elementor-shape elementor-shape-top\" aria-hidden=\"true\" data-negative=\"false\">\n\t\t\t<svg xmlns=\"http:\/\/www.w3.org\/2000\/svg\" viewBox=\"0 0 1000 100\" preserveAspectRatio=\"none\">\n\t<path class=\"elementor-shape-fill\" d=\"M0,6V0h1000v100L0,6z\"\/>\n<\/svg>\t\t<\/div>\n\t\t<div class=\"elementor-element elementor-element-5cddb6b e-con-full e-flex e-con e-child\" data-id=\"5cddb6b\" data-element_type=\"container\">\n\t\t<div class=\"elementor-element elementor-element-9f76398 e-con-full e-flex e-con e-child\" data-id=\"9f76398\" data-element_type=\"container\" data-settings=\"{&quot;background_background&quot;:&quot;classic&quot;}\">\n\t\t<div class=\"elementor-element elementor-element-d66c7cf e-con-full e-flex e-con e-child\" data-id=\"d66c7cf\" data-element_type=\"container\" data-settings=\"{&quot;background_background&quot;:&quot;classic&quot;}\">\n\t\t\t\t<\/div>\n\t\t<div class=\"elementor-element elementor-element-ba1b35e e-con-full e-flex e-con e-child\" data-id=\"ba1b35e\" data-element_type=\"container\" data-settings=\"{&quot;background_background&quot;:&quot;classic&quot;}\">\n\t\t\t\t<div class=\"elementor-element elementor-element-bed9bfa elementor-widget elementor-widget-heading\" data-id=\"bed9bfa\" data-element_type=\"widget\" data-widget_type=\"heading.default\">\n\t\t\t\t<div class=\"elementor-widget-container\">\n\t\t\t\t\t<h3 class=\"elementor-heading-title elementor-size-default\">Nieuwe zone: Belgian Valley<\/h3>\t\t\t\t<\/div>\n\t\t\t\t<\/div>\n\t\t\t\t<div class=\"elementor-element elementor-element-0fca281 styled-list elementor-widget elementor-widget-text-editor\" data-id=\"0fca281\" data-element_type=\"widget\" data-widget_type=\"text-editor.default\">\n\t\t\t\t<div class=\"elementor-widget-container\">\n\t\t\t\t\t\t\t\t\t<p data-start=\"0\" data-end=\"248\">De <strong>Belgian Valley<\/strong> is een gloednieuwe zone die exclusief gewijd is aan Belgische artiesten en het vakmanschap van lokale creators! Een unieke, bruisende en inspirerende plek, ontworpen om lokale creativiteit in al haar vormen in de kijker te zetten.<\/p>\n<p><\/p>\n<p data-start=\"0\" data-end=\"248\">Je ontdekt er <strong>34 uiterst getalenteerde Belgische artiesten<\/strong>, samengebracht om unieke, originele en <strong>authentieke creaties<\/strong> voor te stellen.<\/p>\n<p><\/p>\n<p data-start=\"389\" data-end=\"583\">Het is ook een ruimte waar bezoekers<strong> kunnen shoppen<\/strong>, langs de standen kunnen kuieren en echte, <strong>ongelooflijke schatten kunnen ontdekken<\/strong>, bedacht en met passie vervaardigd door Belgische makers.<\/p>\n<p><\/p>\n<p data-start=\"585\" data-end=\"760\" data-is-last-node=\"\" data-is-only-node=\"\">Tot slot wordt de Belgian Valley ook een plek voor ontmoeting en uitwisseling, waar <strong>tal van workshops rond popcultuur gevolgd kunnen worden<\/strong> voor een nog meeslepender ervaring.<\/p>\n<p>&nbsp;<\/p>\n\t\t\t\t\t\t\t\t<\/div>\n\t\t\t\t<\/div>\n\t\t\t\t<\/div>\n\t\t\t\t<\/div>\n\t\t\t\t<\/div>\n\t\t<div class=\"elementor-element elementor-element-40b9c17 e-con-full e-flex e-con e-child\" data-id=\"40b9c17\" data-element_type=\"container\">\n\t\t<div class=\"elementor-element elementor-element-3036d1d e-con-full e-flex e-con e-child\" data-id=\"3036d1d\" data-element_type=\"container\" data-settings=\"{&quot;background_background&quot;:&quot;classic&quot;}\">\n\t\t<div class=\"elementor-element elementor-element-332c197 e-con-full e-flex e-con e-child\" data-id=\"332c197\" data-element_type=\"container\" data-settings=\"{&quot;background_background&quot;:&quot;classic&quot;}\">\n\t\t\t\t<div class=\"elementor-element elementor-element-b2bbb4b elementor-widget elementor-widget-heading\" data-id=\"b2bbb4b\" data-element_type=\"widget\" data-widget_type=\"heading.default\">\n\t\t\t\t<div class=\"elementor-widget-container\">\n\t\t\t\t\t<h3 class=\"elementor-heading-title elementor-size-default\"> Bezoekers die willen deelnemen aan de workshops moeten een tijdslot reserveren bij de stand van \u201cLa Nouvelle Pouce\u201d (TBV.32). <\/h3>\t\t\t\t<\/div>\n\t\t\t\t<\/div>\n\t\t\t\t<\/div>\n\t\t\t\t<\/div>\n\t\t\t\t<\/div>\n\t\t\t\t<div class=\"elementor-element elementor-element-f5f5662 elementor-widget elementor-widget-spacer\" data-id=\"f5f5662\" data-element_type=\"widget\" data-widget_type=\"spacer.default\">\n\t\t\t\t<div class=\"elementor-widget-container\">\n\t\t\t\t\t\t\t<div class=\"elementor-spacer\">\n\t\t\t<div class=\"elementor-spacer-inner\"><\/div>\n\t\t<\/div>\n\t\t\t\t\t\t<\/div>\n\t\t\t\t<\/div>\n\t\t\t\t<div class=\"elementor-element elementor-element-66c5ac7 elementor-widget__width-initial elementor-widget elementor-widget-text-editor\" data-id=\"66c5ac7\" data-element_type=\"widget\" data-widget_type=\"text-editor.default\">\n\t\t\t\t<div class=\"elementor-widget-container\">\n\t\t\t\t\t\t\t\t\t<p>Ontdek hier de programma&#8217;s van de Belgian Valley van Made in Asia !<\/p>\n\t\t\t\t\t\t\t\t<\/div>\n\t\t\t\t<\/div>\n\t\t<div class=\"elementor-element elementor-element-a776a50 e-con-full e-flex e-con e-child\" data-id=\"a776a50\" data-element_type=\"container\">\n\t\t\t\t<div class=\"elementor-element elementor-element-3d3886c elementor-widget elementor-widget-heading\" data-id=\"3d3886c\" data-element_type=\"widget\" data-widget_type=\"heading.default\">\n\t\t\t\t<div class=\"elementor-widget-container\">\n\t\t\t\t\t<h2 class=\"elementor-heading-title elementor-size-default\">Programma Zaterdag<\/h2>\t\t\t\t<\/div>\n\t\t\t\t<\/div>\n\t\t\t\t<div class=\"elementor-element elementor-element-03e811b elementor-widget-tablet__width-initial elementor-widget elementor-widget-heading\" data-id=\"03e811b\" data-element_type=\"widget\" data-widget_type=\"heading.default\">\n\t\t\t\t<div class=\"elementor-widget-container\">\n\t\t\t\t\t<h4 class=\"elementor-heading-title elementor-size-default\">ZONE 1<br><br><\/h4>\t\t\t\t<\/div>\n\t\t\t\t<\/div>\n\t\t\t\t<div class=\"elementor-element elementor-element-f3f1842 elementor-widget__width-initial elementor-widget-tablet__width-initial elementor-widget elementor-widget-text-editor\" data-id=\"f3f1842\" data-element_type=\"widget\" data-widget_type=\"text-editor.default\">\n\t\t\t\t<div class=\"elementor-widget-container\">\n\t\t\t\t\t\t\t\t\t<hr \/>\n<p><strong>10-11u<\/strong>\u00a0De basis van een goed scenario door <em>Hellboy Dom<\/em><\/p>\n<ul>\n<li>Een bloederige thriller schrijven met de Belgische auteur Hellboy Dom<\/li>\n<\/ul>\n<hr \/>\n<p><strong>11-12u<\/strong>\u00a0Sakura met inkt op rijstpapier door <em>Shiki Illustration<\/em><\/p>\n<ul>\n<li>Ontdek schilderen met Chinese inkt op rijstpapier door een kersenbloesemboom te maken in de geest van kalligrafie, en ga naar huis met je eigen creatie<\/li>\n<\/ul>\n<hr \/>\n<p><strong>13-14u<\/strong>\u00a0Maak je eigen Pok\u00e9mon-kaart door Illona La Petite \u00c9toile<\/p>\n<ul>\n<li>Creativiteit en verbeelding staan centraal bij het tekenen van je eigen \u201cPok\u00e9mon\u201d<\/li>\n<\/ul>\n<hr \/>\n<p><strong>14-15u<\/strong>\u00a0Initiatie in rollenspel door <em>La Looterie<\/em><\/p>\n<ul>\n<li>Een initiatieworkshop tafelrollenspel, begeleid door een Game Master. Deelnemers kunnen een personage cre\u00ebren (als de tijd het toelaat) of een meeslepend \u201cone-shot\u201d avontuur van ongeveer 1 uur beleven. Geen voorkennis vereist.<\/li>\n<\/ul>\n<hr \/>\n<p><strong>15-16u <\/strong>Maak je eigen gepersonaliseerde bladwijzer door <em>LNP<\/em><\/p>\n<hr \/>\n<p><strong>16-17u<\/strong>\u00a0Schilder een Japanse lantaarn met zwarte ecoline door <em>Scyan&#8217;s Pencils<\/em><\/p>\n<ul>\n<li>We leren een Japanse lantaarn schilderen met zwarte ecoline, volgens een techniek die doet denken aan Chinese inktprenten.<br data-start=\"1135\" data-end=\"1138\" \/>Alle artistieke niveaus zijn welkom, zelfs als je nog nooit een penseel hebt vastgehouden!<\/li>\n<\/ul>\n<hr \/>\n\t\t\t\t\t\t\t\t<\/div>\n\t\t\t\t<\/div>\n\t\t\t\t<\/div>\n\t\t<div class=\"elementor-element elementor-element-cc6525e e-con-full e-flex e-con e-child\" data-id=\"cc6525e\" data-element_type=\"container\">\n\t\t\t\t<div class=\"elementor-element elementor-element-5e41a94 elementor-widget elementor-widget-heading\" data-id=\"5e41a94\" data-element_type=\"widget\" data-widget_type=\"heading.default\">\n\t\t\t\t<div class=\"elementor-widget-container\">\n\t\t\t\t\t<h2 class=\"elementor-heading-title elementor-size-default\">Programma Zaterdag<\/h2>\t\t\t\t<\/div>\n\t\t\t\t<\/div>\n\t\t\t\t<div class=\"elementor-element elementor-element-59dcf85 elementor-widget-tablet__width-initial elementor-widget elementor-widget-heading\" data-id=\"59dcf85\" data-element_type=\"widget\" data-widget_type=\"heading.default\">\n\t\t\t\t<div class=\"elementor-widget-container\">\n\t\t\t\t\t<h4 class=\"elementor-heading-title elementor-size-default\">ZONE 2<br><br><\/h4>\t\t\t\t<\/div>\n\t\t\t\t<\/div>\n\t\t\t\t<div class=\"elementor-element elementor-element-907124d elementor-widget__width-initial elementor-widget-tablet__width-initial elementor-widget elementor-widget-text-editor\" data-id=\"907124d\" data-element_type=\"widget\" data-widget_type=\"text-editor.default\">\n\t\t\t\t<div class=\"elementor-widget-container\">\n\t\t\t\t\t\t\t\t\t<hr \/>\n<p><strong>10-11h<\/strong> Manhwa, de nieuwe Koreaanse strips die enorm populair zijn door <em>Sweet and Books<\/em><\/p>\n<ul>\n<li>Een presentatie over manhwa, hun oorsprong, de verschillen tussen manga en manhwa, manhwa-websites, en een voorstelling van enkele titels en hun verfilmingen.<\/li>\n<\/ul>\n<hr \/>\n<p><strong>11-12u<\/strong> Teken een portret in cartoonstijl door <em>Libidibidoo<\/em><\/p>\n<ul>\n<li>Libidibidoo leert je hoe je een portret tekent in een eenvoudige cartoonstijl.<\/li>\n<\/ul>\n<hr \/>\n<p><strong>12-13u<\/strong>Schilder je eigen kleispeldje door <em>naddicreates<\/em><\/p>\n<ul>\n<li>Voor deze workshop worden handgemaakte, onbeschilderde speldjes van luchtdrogende klei voorzien, in de vorm van katten en honden van verschillende rassen. Deelnemers kunnen ze zelf versieren zodat ze op hun eigen huisdier lijken, met acrylstiften die ter beschikking worden gesteld.<\/li>\n<\/ul>\n<hr \/>\n\t\t\t\t\t\t\t\t<\/div>\n\t\t\t\t<\/div>\n\t\t\t\t<\/div>\n\t\t<div class=\"elementor-element elementor-element-7bf3db9 e-con-full e-flex e-con e-child\" data-id=\"7bf3db9\" data-element_type=\"container\">\n\t\t\t\t<div class=\"elementor-element elementor-element-8964cb3 elementor-widget elementor-widget-heading\" data-id=\"8964cb3\" data-element_type=\"widget\" data-widget_type=\"heading.default\">\n\t\t\t\t<div class=\"elementor-widget-container\">\n\t\t\t\t\t<h2 class=\"elementor-heading-title elementor-size-default\">Programma Zondag<\/h2>\t\t\t\t<\/div>\n\t\t\t\t<\/div>\n\t\t\t\t<div class=\"elementor-element elementor-element-df1db62 elementor-widget-tablet__width-initial elementor-widget elementor-widget-heading\" data-id=\"df1db62\" data-element_type=\"widget\" data-widget_type=\"heading.default\">\n\t\t\t\t<div class=\"elementor-widget-container\">\n\t\t\t\t\t<h4 class=\"elementor-heading-title elementor-size-default\">ZONE 1<br><br><\/h4>\t\t\t\t<\/div>\n\t\t\t\t<\/div>\n\t\t\t\t<div class=\"elementor-element elementor-element-3abe61b elementor-widget__width-initial elementor-widget-tablet__width-initial elementor-widget elementor-widget-text-editor\" data-id=\"3abe61b\" data-element_type=\"widget\" data-widget_type=\"text-editor.default\">\n\t\t\t\t<div class=\"elementor-widget-container\">\n\t\t\t\t\t\t\t\t\t<hr \/>\n<p><strong>10-11u<\/strong>\u00a0De basis van een goed scenario door <em>Hellboy Dom<\/em><\/p>\n<ul>\n<li>\n<p data-start=\"2055\" data-end=\"2125\">Een bloederige thriller schrijven met de Belgische auteur Hellboy Dom<\/p>\n<\/li>\n<\/ul>\n<hr \/>\n<p><strong>11-12u<\/strong>\u00a0Manhwa, de nieuwe Koreaanse strips die enorm populair zijn door <em>Sweet and Books<\/em><\/p>\n<ul>\n<li>Een presentatie over manhwa, hun oorsprong, de verschillen tussen manga en manhwa, manhwa-websites, en een voorstelling van enkele titels en hun verfilmingen.<\/li>\n<\/ul>\n<hr \/>\n<p><strong>13-14u <\/strong>Schilder je eigen kleispeldje door <em>naddicreates<\/em><\/p>\n<ul>\n<li>Voor deze workshop worden handgemaakte, onbeschilderde speldjes van luchtdrogende klei voorzien, in de vorm van katten en honden van verschillende rassen. Deelnemers kunnen ze zelf versieren zodat ze op hun eigen huisdier lijken, met acrylstiften die ter beschikking worden gesteld.<\/li>\n<\/ul>\n<hr \/>\n\t\t\t\t\t\t\t\t<\/div>\n\t\t\t\t<\/div>\n\t\t\t\t<\/div>\n\t\t<div class=\"elementor-element elementor-element-ddf2f87 e-con-full e-flex e-con e-child\" data-id=\"ddf2f87\" data-element_type=\"container\">\n\t\t\t\t<div class=\"elementor-element elementor-element-a9c8f86 elementor-widget elementor-widget-heading\" data-id=\"a9c8f86\" data-element_type=\"widget\" data-widget_type=\"heading.default\">\n\t\t\t\t<div class=\"elementor-widget-container\">\n\t\t\t\t\t<h2 class=\"elementor-heading-title elementor-size-default\">Programma Zondag<\/h2>\t\t\t\t<\/div>\n\t\t\t\t<\/div>\n\t\t\t\t<div class=\"elementor-element elementor-element-a7ee6fa elementor-widget-tablet__width-initial elementor-widget elementor-widget-heading\" data-id=\"a7ee6fa\" data-element_type=\"widget\" data-widget_type=\"heading.default\">\n\t\t\t\t<div class=\"elementor-widget-container\">\n\t\t\t\t\t<h4 class=\"elementor-heading-title elementor-size-default\">ZONE 2<br><br><\/h4>\t\t\t\t<\/div>\n\t\t\t\t<\/div>\n\t\t\t\t<div class=\"elementor-element elementor-element-c41f797 elementor-widget__width-initial elementor-widget-tablet__width-initial elementor-widget elementor-widget-text-editor\" data-id=\"c41f797\" data-element_type=\"widget\" data-widget_type=\"text-editor.default\">\n\t\t\t\t<div class=\"elementor-widget-container\">\n\t\t\t\t\t\t\t\t\t<hr \/>\n<p><strong>10-11u<\/strong>\u00a0Teken een manga-pagina door <em>Libidibidoo<\/em><\/p>\n<ul>\n<li>Libidibidoo begeleidt je bij het tekenen van een manga-pagina.<\/li>\n<\/ul>\n<hr \/>\n<p><strong>11-12u<\/strong> Maak je eigen Pok\u00e9mon-kaart door <em>Ilona La Petite \u00c9toile<\/em><\/p>\n<ul>\n<li>Creativiteit en verbeelding staan centraal bij het tekenen van je eigen \u201cPok\u00e9mon\u201d.<\/li>\n<\/ul>\n<hr \/>\n<p><strong>13-14u <\/strong>Initiatie in rollenspel door <em>La Looterie<\/em><\/p>\n<ul>\n<li>Atelier d\u2019initiation au jeu de r\u00f4le sur table, anim\u00e9 par un Ma\u00eetre du Jeu o\u00f9 les participants pourront cr\u00e9er un personnage (Si nous avons le temps) ou vivre une aventure \u201cone-shot\u201d immersive d\u2019environ 1 heure, sans aucun pr\u00e9requis.<\/li>\n<\/ul>\n<hr \/>\n<p><strong>14-15h<\/strong> Maak je eigen gepersonaliseerde bladwijzer door <em>LNP<\/em><\/p>\n<hr \/>\n\t\t\t\t\t\t\t\t<\/div>\n\t\t\t\t<\/div>\n\t\t\t\t<\/div>\n\t\t\t\t<\/div>\n\t\t<div class=\"elementor-element elementor-element-af77d2d e-con-full e-flex e-con e-child\" data-id=\"af77d2d\" data-element_type=\"container\" data-settings=\"{&quot;background_background&quot;:&quot;classic&quot;,&quot;shape_divider_top_negative&quot;:&quot;yes&quot;,&quot;shape_divider_top&quot;:&quot;triangle-asymmetrical&quot;}\">\n\t\t\t\t<div class=\"elementor-shape elementor-shape-top\" aria-hidden=\"true\" data-negative=\"true\">\n\t\t\t<svg xmlns=\"http:\/\/www.w3.org\/2000\/svg\" viewBox=\"0 0 1000 100\" preserveAspectRatio=\"none\">\n\t<path class=\"elementor-shape-fill\" d=\"M737.9,94.7L0,0v100h1000V0L737.9,94.7z\"\/>\n<\/svg>\t\t<\/div>\n\t\t<!-- dce invisible element 03e4169 -->\t\t<\/div>\n\t\t\t\t<\/div>\n\t\t\t\t\t<\/div>\n\t\t\t\t<\/div>\n\t\t<!-- dce invisible element 3c60bcf --><!-- dce invisible element 48bfdc8 --><!-- dce invisible element 109427d --><!-- dce invisible element 6abe042 --><!-- dce invisible element 86d2b3e --><!-- dce invisible element 7643357 --><!-- dce invisible element 39d2113 --><!-- dce invisible element 0879b06 --><!-- dce invisible element ccfedd0 --><div class=\"elementor-element elementor-element-92a32c5 e-flex e-con-boxed e-con e-parent\" data-id=\"92a32c5\" data-element_type=\"container\">\n\t\t\t\t\t<div class=\"e-con-inner\">\n\t\t\t\t\t<\/div>\n\t\t\t\t<\/div>\n\t\t\t\t<\/div>\n\t\t","protected":false},"excerpt":{"rendered":"<p>Belgian Valley Ontdek de nieuwe zone speciaal voor jonge Belgische creators. Nieuwe zone: Belgian Valley De Belgian Valley is een gloednieuwe zone die exclusief gewijd is aan Belgische artiesten en het vakmanschap van lokale creators! Een unieke, bruisende en inspirerende plek, ontworpen om lokale creativiteit in al haar vormen in de kijker te zetten. Je [&hellip;]<\/p>\n","protected":false},"author":1595,"featured_media":55444,"parent":0,"menu_order":0,"comment_status":"closed","ping_status":"closed","template":"","meta":{"_seopress_robots_primary_cat":"","_seopress_titles_title":"Belgian Valley","_seopress_titles_desc":"Ontdek de activiteiten van de belgian valley","_seopress_robots_index":"","footnotes":""},"class_list":["post-176667","page","type-page","status-publish","has-post-thumbnail","hentry"],"_links":{"self":[{"href":"https:\/\/www.madeinasia.be\/nl\/wp-json\/wp\/v2\/pages\/176667","targetHints":{"allow":["GET"]}}],"collection":[{"href":"https:\/\/www.madeinasia.be\/nl\/wp-json\/wp\/v2\/pages"}],"about":[{"href":"https:\/\/www.madeinasia.be\/nl\/wp-json\/wp\/v2\/types\/page"}],"author":[{"embeddable":true,"href":"https:\/\/www.madeinasia.be\/nl\/wp-json\/wp\/v2\/users\/1595"}],"replies":[{"embeddable":true,"href":"https:\/\/www.madeinasia.be\/nl\/wp-json\/wp\/v2\/comments?post=176667"}],"version-history":[{"count":5,"href":"https:\/\/www.madeinasia.be\/nl\/wp-json\/wp\/v2\/pages\/176667\/revisions"}],"predecessor-version":[{"id":178289,"href":"https:\/\/www.madeinasia.be\/nl\/wp-json\/wp\/v2\/pages\/176667\/revisions\/178289"}],"wp:featuredmedia":[{"embeddable":true,"href":"https:\/\/www.madeinasia.be\/nl\/wp-json\/wp\/v2\/media\/55444"}],"wp:attachment":[{"href":"https:\/\/www.madeinasia.be\/nl\/wp-json\/wp\/v2\/media?parent=176667"}],"curies":[{"name":"wp","href":"https:\/\/api.w.org\/{rel}","templated":true}]}}