{"id":60075,"date":"2023-01-19T13:58:55","date_gmt":"2023-01-19T12:58:55","guid":{"rendered":"https:\/\/www.madeinasia.be\/?page_id=60075"},"modified":"2026-04-27T14:20:48","modified_gmt":"2026-04-27T12:20:48","slug":"inscriptions-benevoles-made-in-asia","status":"publish","type":"page","link":"https:\/\/www.madeinasia.be\/fr\/inscriptions-benevoles-made-in-asia\/","title":{"rendered":"Inscriptions B\u00e9n\u00e9voles  Made in Asia"},"content":{"rendered":"\t\t<div data-elementor-type=\"wp-page\" data-elementor-id=\"60075\" class=\"elementor elementor-60075\" data-elementor-post-type=\"page\">\n\t\t\t\t\t\t<section class=\"elementor-section elementor-top-section elementor-element elementor-element-0fefd34 elementor-section-boxed elementor-section-height-default elementor-section-height-default\" data-id=\"0fefd34\" data-element_type=\"section\">\n\t\t\t\t\t\t<div class=\"elementor-container elementor-column-gap-default\">\n\t\t\t\t\t<div class=\"elementor-column elementor-col-100 elementor-top-column elementor-element elementor-element-c9ac5f0\" data-id=\"c9ac5f0\" data-element_type=\"column\">\n\t\t\t<div class=\"elementor-widget-wrap elementor-element-populated\">\n\t\t\t\t\t\t<div class=\"elementor-element elementor-element-3505cbe elementor-widget elementor-widget-heading\" data-id=\"3505cbe\" data-element_type=\"widget\" data-widget_type=\"heading.default\">\n\t\t\t\t<div class=\"elementor-widget-container\">\n\t\t\t\t\t<h2 class=\"elementor-heading-title elementor-size-default\">Formulaire d'inscription pour les volontaires<\/h2>\t\t\t\t<\/div>\n\t\t\t\t<\/div>\n\t\t\t\t\t<\/div>\n\t\t<\/div>\n\t\t\t\t\t<\/div>\n\t\t<\/section>\n\t\t\t\t<section class=\"elementor-section elementor-top-section elementor-element elementor-element-722f331 elementor-section-boxed elementor-section-height-default elementor-section-height-default\" data-id=\"722f331\" data-element_type=\"section\">\n\t\t\t\t\t\t<div class=\"elementor-container elementor-column-gap-default\">\n\t\t\t\t\t<div class=\"elementor-column elementor-col-100 elementor-top-column elementor-element elementor-element-0b99dc9\" data-id=\"0b99dc9\" data-element_type=\"column\">\n\t\t\t<div class=\"elementor-widget-wrap elementor-element-populated\">\n\t\t\t\t\t\t<div class=\"elementor-element elementor-element-839b21f elementor-widget elementor-widget-text-editor\" data-id=\"839b21f\" data-element_type=\"widget\" data-widget_type=\"text-editor.default\">\n\t\t\t\t<div class=\"elementor-widget-container\">\n\t\t\t\t\t\t\t\t\t<h3>Voici le formulaire pour t&rsquo;inscrire en tant que volontaire \u00e0 Made in Asia Fall 2026. Si tu as une question ou une demande, tu peux contacter les responsables b\u00e9n\u00e9voles via cet email : madeinasia.volunteers@gmail.com<\/h3>\t\t\t\t\t\t\t\t<\/div>\n\t\t\t\t<\/div>\n\t\t\t\t\t<\/div>\n\t\t<\/div>\n\t\t\t\t\t<\/div>\n\t\t<\/section>\n\t\t\t\t<section class=\"elementor-section elementor-top-section elementor-element elementor-element-00ab7b1 elementor-section-boxed elementor-section-height-default elementor-section-height-default\" data-id=\"00ab7b1\" data-element_type=\"section\">\n\t\t\t\t\t\t<div class=\"elementor-container elementor-column-gap-default\">\n\t\t\t\t\t<div class=\"elementor-column elementor-col-100 elementor-top-column elementor-element elementor-element-53675ba\" data-id=\"53675ba\" data-element_type=\"column\">\n\t\t\t<div class=\"elementor-widget-wrap elementor-element-populated\">\n\t\t\t\t\t\t<section class=\"elementor-section elementor-inner-section elementor-element elementor-element-6c72707 elementor-section-boxed elementor-section-height-default elementor-section-height-default\" data-id=\"6c72707\" data-element_type=\"section\">\n\t\t\t\t\t\t<div class=\"elementor-container elementor-column-gap-default\">\n\t\t\t\t\t<div class=\"elementor-column elementor-col-50 elementor-inner-column elementor-element elementor-element-25bf103\" data-id=\"25bf103\" data-element_type=\"column\">\n\t\t\t<div class=\"elementor-widget-wrap elementor-element-populated\">\n\t\t\t\t\t\t<div class=\"elementor-element elementor-element-1213f26 elementor-view-default elementor-widget elementor-widget-icon\" data-id=\"1213f26\" data-element_type=\"widget\" data-widget_type=\"icon.default\">\n\t\t\t\t<div class=\"elementor-widget-container\">\n\t\t\t\t\t\t\t<div class=\"elementor-icon-wrapper\">\n\t\t\t<div class=\"elementor-icon\">\n\t\t\t<i aria-hidden=\"true\" class=\"fab fa-discord\"><\/i>\t\t\t<\/div>\n\t\t<\/div>\n\t\t\t\t\t\t<\/div>\n\t\t\t\t<\/div>\n\t\t\t\t<div class=\"elementor-element elementor-element-a735ee5 elementor-widget elementor-widget-text-editor\" data-id=\"a735ee5\" data-element_type=\"widget\" data-widget_type=\"text-editor.default\">\n\t\t\t\t<div class=\"elementor-widget-container\">\n\t\t\t\t\t\t\t\t\t<p>Une fois accept\u00e9 parmi les b\u00e9n\u00e9voles de l&rsquo;\u00e9dition 2026, tu seras invit\u00e9 sur le groupe Discord d\u00e9di\u00e9. Toutes les communications officielles et autres infos\/demandes passeront par ce groupe Discord.\u00a0<\/p>\t\t\t\t\t\t\t\t<\/div>\n\t\t\t\t<\/div>\n\t\t\t\t<div class=\"elementor-element elementor-element-f332d2a elementor-view-default elementor-widget elementor-widget-icon\" data-id=\"f332d2a\" data-element_type=\"widget\" data-widget_type=\"icon.default\">\n\t\t\t\t<div class=\"elementor-widget-container\">\n\t\t\t\t\t\t\t<div class=\"elementor-icon-wrapper\">\n\t\t\t<div class=\"elementor-icon\">\n\t\t\t<i aria-hidden=\"true\" class=\"fas fa-info\"><\/i>\t\t\t<\/div>\n\t\t<\/div>\n\t\t\t\t\t\t<\/div>\n\t\t\t\t<\/div>\n\t\t\t\t\t<\/div>\n\t\t<\/div>\n\t\t\t\t<div class=\"elementor-column elementor-col-50 elementor-inner-column elementor-element elementor-element-0761129\" data-id=\"0761129\" data-element_type=\"column\">\n\t\t\t<div class=\"elementor-widget-wrap elementor-element-populated\">\n\t\t\t\t\t\t<div class=\"elementor-element elementor-element-948f0a5 elementor-view-default elementor-widget elementor-widget-icon\" data-id=\"948f0a5\" data-element_type=\"widget\" data-widget_type=\"icon.default\">\n\t\t\t\t<div class=\"elementor-widget-container\">\n\t\t\t\t\t\t\t<div class=\"elementor-icon-wrapper\">\n\t\t\t<div class=\"elementor-icon\">\n\t\t\t<i aria-hidden=\"true\" class=\"fas fa-check-circle\"><\/i>\t\t\t<\/div>\n\t\t<\/div>\n\t\t\t\t\t\t<\/div>\n\t\t\t\t<\/div>\n\t\t\t\t<div class=\"elementor-element elementor-element-0995c2d elementor-widget elementor-widget-text-editor\" data-id=\"0995c2d\" data-element_type=\"widget\" data-widget_type=\"text-editor.default\">\n\t\t\t\t<div class=\"elementor-widget-container\">\n\t\t\t\t\t\t\t\t\t<ul><li>Compl\u00e9ter ce formulaire ne confirme pas ton inscription. Ce n&rsquo;est que lorsque tu seras dans le groupe Discord des volontaires 2026 que ton inscription sera confirm\u00e9e.\u00a0<\/li><\/ul>\t\t\t\t\t\t\t\t<\/div>\n\t\t\t\t<\/div>\n\t\t\t\t<div class=\"elementor-element elementor-element-0f7c514 elementor-widget elementor-widget-text-editor\" data-id=\"0f7c514\" data-element_type=\"widget\" data-widget_type=\"text-editor.default\">\n\t\t\t\t<div class=\"elementor-widget-container\">\n\t\t\t\t\t\t\t\t\t<ul><li>Dans ce formulaire, il te sera demand\u00e9 tes disponibilit\u00e9s pour le festival.\u00a0<span style=\"font-size: 15px; font-style: normal; font-weight: 400;\">Nous n&rsquo;acceptons que les b\u00e9n\u00e9voles disponibles.<\/span>\u00a0<span style=\"font-size: 15px; font-style: normal; font-weight: bold;\">Les personnes disponibles les 2 jours seront privil\u00e9gi\u00e9es.<\/span><\/li><\/ul><ul><li>\u00a0\u00c2ge requis : 18 ans au moment de Made in Asia.\u00a0<\/li><\/ul>\t\t\t\t\t\t\t\t<\/div>\n\t\t\t\t<\/div>\n\t\t\t\t\t<\/div>\n\t\t<\/div>\n\t\t\t\t\t<\/div>\n\t\t<\/section>\n\t\t\t\t\t<\/div>\n\t\t<\/div>\n\t\t\t\t\t<\/div>\n\t\t<\/section>\n\t\t\t\t<section class=\"elementor-section elementor-top-section elementor-element elementor-element-9039207 elementor-section-boxed elementor-section-height-default elementor-section-height-default\" data-id=\"9039207\" data-element_type=\"section\">\n\t\t\t\t\t\t<div class=\"elementor-container elementor-column-gap-default\">\n\t\t\t\t\t<div class=\"elementor-column elementor-col-100 elementor-top-column elementor-element elementor-element-b7ce243\" data-id=\"b7ce243\" data-element_type=\"column\">\n\t\t\t<div class=\"elementor-widget-wrap elementor-element-populated\">\n\t\t\t\t\t\t<div class=\"elementor-element elementor-element-7a2ddf9 elementor-widget elementor-widget-text-editor\" data-id=\"7a2ddf9\" data-element_type=\"widget\" data-widget_type=\"text-editor.default\">\n\t\t\t\t<div class=\"elementor-widget-container\">\n\t\t\t\t\t\t\t\t\t<p>Il est demand\u00e9 d&rsquo;\u00eatre pr\u00e9sent<span style=\"font-size: 15px; font-style: normal; font-weight: 400; color: var( --e-global-color-text ); font-family: var( --e-global-typography-text-font-family ), Sans-serif; letter-spacing: 0px;\">\u00a0<\/span><span style=\"font-size: 15px; font-style: normal; font-weight: 400; color: var( --e-global-color-text ); font-family: var( --e-global-typography-text-font-family ), Sans-serif; letter-spacing: 0px;\">(les jours o\u00f9 tu es disponible)<\/span><span style=\"font-size: 15px; color: var( --e-global-color-text ); font-family: var( --e-global-typography-text-font-family ), Sans-serif; letter-spacing: 0px;\">\u00a0\u00e0 Brussels Expo :\u00a0<\/span><\/p><ul><li>Samedi 17\/10 : de 9h00 \u00e0 19H00.<\/li><li>Dimanche 18\/10 : de 9H00 \u00e0 17H00.<\/li><\/ul><p>Nous organisons un repas entre b\u00e9n\u00e9voles le samedi soir, apr\u00e8s le festival. (Pr\u00e9sence non obligatoire)<\/p>\t\t\t\t\t\t\t\t<\/div>\n\t\t\t\t<\/div>\n\t\t\t\t<div class=\"elementor-element elementor-element-06b6bed elementor-align-center elementor-widget elementor-widget-button\" data-id=\"06b6bed\" data-element_type=\"widget\" data-widget_type=\"button.default\">\n\t\t\t\t<div class=\"elementor-widget-container\">\n\t\t\t\t\t\t\t\t\t<div class=\"elementor-button-wrapper\">\n\t\t\t\t\t<a class=\"elementor-button elementor-button-link elementor-size-sm\" href=\"https:\/\/docs.google.com\/forms\/d\/e\/1FAIpQLSeduSuW9GXm1WzOjdVEIGo0xheMfc93DzaIVKLjeEuDyTbKVA\/viewform\">\n\t\t\t\t\t\t<span class=\"elementor-button-content-wrapper\">\n\t\t\t\t\t\t<span class=\"elementor-button-icon\">\n\t\t\t\t<i aria-hidden=\"true\" class=\"fas fa-arrow-right\"><\/i>\t\t\t<\/span>\n\t\t\t\t\t\t\t\t\t<span class=\"elementor-button-text\">Clique ici<\/span>\n\t\t\t\t\t<\/span>\n\t\t\t\t\t<\/a>\n\t\t\t\t<\/div>\n\t\t\t\t\t\t\t\t<\/div>\n\t\t\t\t<\/div>\n\t\t\t\t\t<\/div>\n\t\t<\/div>\n\t\t\t\t\t<\/div>\n\t\t<\/section>\n\t\t\t\t<\/div>\n\t\t","protected":false},"excerpt":{"rendered":"<p>Formulaire d&rsquo;inscription pour les volontaires Voici le formulaire pour t&rsquo;inscrire en tant que volontaire \u00e0 Made in Asia Fall 2026. Si tu as une question ou une demande, tu peux contacter les responsables b\u00e9n\u00e9voles via cet email : madeinasia.volunteers@gmail.com Une fois accept\u00e9 parmi les b\u00e9n\u00e9voles de l&rsquo;\u00e9dition 2026, tu seras invit\u00e9 sur le groupe Discord [&hellip;]<\/p>\n","protected":false},"author":334,"featured_media":4011,"parent":0,"menu_order":0,"comment_status":"closed","ping_status":"closed","template":"","meta":{"_seopress_robots_primary_cat":"","_seopress_titles_title":"Formulaire d'inscription pour les volontaires | Made in Asia","_seopress_titles_desc":"Une question ? Une remarque ? Demande d'info ? Contacte-nous :)","_seopress_robots_index":"","footnotes":""},"class_list":["post-60075","page","type-page","status-publish","has-post-thumbnail","hentry"],"_links":{"self":[{"href":"https:\/\/www.madeinasia.be\/fr\/wp-json\/wp\/v2\/pages\/60075","targetHints":{"allow":["GET"]}}],"collection":[{"href":"https:\/\/www.madeinasia.be\/fr\/wp-json\/wp\/v2\/pages"}],"about":[{"href":"https:\/\/www.madeinasia.be\/fr\/wp-json\/wp\/v2\/types\/page"}],"author":[{"embeddable":true,"href":"https:\/\/www.madeinasia.be\/fr\/wp-json\/wp\/v2\/users\/334"}],"replies":[{"embeddable":true,"href":"https:\/\/www.madeinasia.be\/fr\/wp-json\/wp\/v2\/comments?post=60075"}],"version-history":[{"count":5,"href":"https:\/\/www.madeinasia.be\/fr\/wp-json\/wp\/v2\/pages\/60075\/revisions"}],"predecessor-version":[{"id":179876,"href":"https:\/\/www.madeinasia.be\/fr\/wp-json\/wp\/v2\/pages\/60075\/revisions\/179876"}],"wp:featuredmedia":[{"embeddable":true,"href":"https:\/\/www.madeinasia.be\/fr\/wp-json\/wp\/v2\/media\/4011"}],"wp:attachment":[{"href":"https:\/\/www.madeinasia.be\/fr\/wp-json\/wp\/v2\/media?parent=60075"}],"curies":[{"name":"wp","href":"https:\/\/api.w.org\/{rel}","templated":true}]}}