{"id":490,"date":"2020-07-09T15:48:56","date_gmt":"2020-07-09T13:48:56","guid":{"rendered":"https:\/\/www.madeinasia.be\/?page_id=490"},"modified":"2025-08-14T16:55:35","modified_gmt":"2025-08-14T14:55:35","slug":"dernieres-news","status":"publish","type":"page","link":"https:\/\/www.madeinasia.be\/fr\/dernieres-news\/","title":{"rendered":"Derni\u00e8res news"},"content":{"rendered":"\t\t<div data-elementor-type=\"wp-page\" data-elementor-id=\"490\" class=\"elementor elementor-490\" data-elementor-post-type=\"page\">\n\t\t\t\t<div class=\"elementor-element elementor-element-3562a0f e-flex e-con-boxed e-con e-parent\" data-id=\"3562a0f\" data-element_type=\"container\" data-settings=\"{&quot;background_background&quot;:&quot;classic&quot;}\">\n\t\t\t\t\t<div class=\"e-con-inner\">\n\t\t<div class=\"elementor-element elementor-element-30ae9ba e-con-full border-container e-flex e-con e-child\" data-id=\"30ae9ba\" data-element_type=\"container\">\n\t\t<div class=\"elementor-element elementor-element-44b1f08 e-con-full e-flex e-con e-child\" data-id=\"44b1f08\" data-element_type=\"container\" data-settings=\"{&quot;background_background&quot;:&quot;classic&quot;}\">\n\t\t<div class=\"elementor-element elementor-element-0c96f4f e-con-full e-flex e-con e-child\" data-id=\"0c96f4f\" data-element_type=\"container\" data-settings=\"{&quot;background_background&quot;:&quot;classic&quot;,&quot;motion_fx_motion_fx_scrolling&quot;:&quot;yes&quot;,&quot;motion_fx_translateY_effect&quot;:&quot;yes&quot;,&quot;motion_fx_translateY_direction&quot;:&quot;negative&quot;,&quot;motion_fx_translateY_speed&quot;:{&quot;unit&quot;:&quot;px&quot;,&quot;size&quot;:3,&quot;sizes&quot;:[]},&quot;motion_fx_devices&quot;:[&quot;desktop&quot;,&quot;tablet&quot;],&quot;motion_fx_translateY_affectedRange&quot;:{&quot;unit&quot;:&quot;%&quot;,&quot;size&quot;:&quot;&quot;,&quot;sizes&quot;:{&quot;start&quot;:0,&quot;end&quot;:100}}}\">\n\t\t\t\t<div class=\"elementor-element elementor-element-22e44ad elementor-widget elementor-widget-heading\" data-id=\"22e44ad\" data-element_type=\"widget\" data-widget_type=\"heading.default\">\n\t\t\t\t<div class=\"elementor-widget-container\">\n\t\t\t\t\t<h1 class=\"elementor-heading-title elementor-size-default\">Derni\u00e8res news<\/h1>\t\t\t\t<\/div>\n\t\t\t\t<\/div>\n\t\t\t\t<div class=\"elementor-element elementor-element-1cdf6a6 elementor-widget elementor-widget-heading\" data-id=\"1cdf6a6\" data-element_type=\"widget\" data-widget_type=\"heading.default\">\n\t\t\t\t<div class=\"elementor-widget-container\">\n\t\t\t\t\t<h2 class=\"elementor-heading-title elementor-size-default\">D\u00e9couvre les derni\u00e8re annonces du festival Made in Asia.<\/h2>\t\t\t\t<\/div>\n\t\t\t\t<\/div>\n\t\t\t\t<\/div>\n\t\t\t\t<\/div>\n\t\t<div class=\"elementor-element elementor-element-e08391b e-con-full e-flex e-con e-child\" data-id=\"e08391b\" data-element_type=\"container\" data-settings=\"{&quot;background_background&quot;:&quot;classic&quot;,&quot;shape_divider_top&quot;:&quot;tilt&quot;,&quot;shape_divider_bottom&quot;:&quot;triangle-asymmetrical&quot;}\">\n\t\t\t\t<div class=\"elementor-shape elementor-shape-top\" aria-hidden=\"true\" data-negative=\"false\">\n\t\t\t<svg xmlns=\"http:\/\/www.w3.org\/2000\/svg\" viewBox=\"0 0 1000 100\" preserveAspectRatio=\"none\">\n\t<path class=\"elementor-shape-fill\" d=\"M0,6V0h1000v100L0,6z\"\/>\n<\/svg>\t\t<\/div>\n\t\t\t\t<div class=\"elementor-shape elementor-shape-bottom\" aria-hidden=\"true\" data-negative=\"false\">\n\t\t\t<svg xmlns=\"http:\/\/www.w3.org\/2000\/svg\" viewBox=\"0 0 1000 100\" preserveAspectRatio=\"none\">\n\t<path class=\"elementor-shape-fill\" d=\"M738,99l262-93V0H0v5.6L738,99z\"\/>\n<\/svg>\t\t<\/div>\n\t\t<div class=\"elementor-element elementor-element-ab05080 e-con-full e-transform e-flex e-con e-child\" data-id=\"ab05080\" data-element_type=\"container\" data-settings=\"{&quot;_transform_translateY_effect&quot;:{&quot;unit&quot;:&quot;px&quot;,&quot;size&quot;:-30,&quot;sizes&quot;:[]},&quot;_transform_translateX_effect&quot;:{&quot;unit&quot;:&quot;px&quot;,&quot;size&quot;:&quot;&quot;,&quot;sizes&quot;:[]},&quot;_transform_translateX_effect_tablet&quot;:{&quot;unit&quot;:&quot;px&quot;,&quot;size&quot;:&quot;&quot;,&quot;sizes&quot;:[]},&quot;_transform_translateX_effect_mobile&quot;:{&quot;unit&quot;:&quot;px&quot;,&quot;size&quot;:&quot;&quot;,&quot;sizes&quot;:[]},&quot;_transform_translateY_effect_tablet&quot;:{&quot;unit&quot;:&quot;px&quot;,&quot;size&quot;:&quot;&quot;,&quot;sizes&quot;:[]},&quot;_transform_translateY_effect_mobile&quot;:{&quot;unit&quot;:&quot;px&quot;,&quot;size&quot;:&quot;&quot;,&quot;sizes&quot;:[]}}\">\n\t\t\t\t<div class=\"elementor-element elementor-element-ba9b91d elementor-grid-3 elementor-grid-tablet-2 elementor-grid-mobile-1 elementor-posts--thumbnail-top elementor-card-shadow-yes elementor-posts__hover-gradient elementor-widget elementor-widget-posts\" data-id=\"ba9b91d\" data-element_type=\"widget\" data-settings=\"{&quot;cards_columns&quot;:&quot;3&quot;,&quot;cards_columns_tablet&quot;:&quot;2&quot;,&quot;cards_columns_mobile&quot;:&quot;1&quot;,&quot;cards_row_gap&quot;:{&quot;unit&quot;:&quot;px&quot;,&quot;size&quot;:35,&quot;sizes&quot;:[]},&quot;cards_row_gap_tablet&quot;:{&quot;unit&quot;:&quot;px&quot;,&quot;size&quot;:&quot;&quot;,&quot;sizes&quot;:[]},&quot;cards_row_gap_mobile&quot;:{&quot;unit&quot;:&quot;px&quot;,&quot;size&quot;:&quot;&quot;,&quot;sizes&quot;:[]}}\" data-widget_type=\"posts.cards\">\n\t\t\t\t<div class=\"elementor-widget-container\">\n\t\t\t\t\t\t\t<div class=\"elementor-posts-container elementor-posts elementor-posts--skin-cards elementor-grid\" role=\"list\">\n\t\t\t\t<article class=\"elementor-post elementor-grid-item post-177163 post type-post status-publish format-standard has-post-thumbnail hentry category-non-classifiee\" role=\"listitem\">\n\t\t\t<div class=\"elementor-post__card\">\n\t\t\t\t<a class=\"elementor-post__thumbnail__link\" href=\"https:\/\/www.madeinasia.be\/fr\/gagnez-lego-pokemon-dracaufeu-florizarre-tortank\/\" tabindex=\"-1\" ><div class=\"elementor-post__thumbnail\"><img fetchpriority=\"high\" decoding=\"async\" width=\"800\" height=\"889\" src=\"https:\/\/easyfairsassets.com\/sites\/249\/2026\/02\/Venusaur-Charizard-Blastoise-LEGO-set-922x1024.png\" class=\"attachment-large size-large wp-image-177190\" alt=\"\" srcset=\"https:\/\/easyfairsassets.com\/sites\/249\/2026\/02\/Venusaur-Charizard-Blastoise-LEGO-set-922x1024.png 922w, https:\/\/easyfairsassets.com\/sites\/249\/2026\/02\/Venusaur-Charizard-Blastoise-LEGO-set-270x300.png 270w, https:\/\/easyfairsassets.com\/sites\/249\/2026\/02\/Venusaur-Charizard-Blastoise-LEGO-set-768x853.png 768w, https:\/\/easyfairsassets.com\/sites\/249\/2026\/02\/Venusaur-Charizard-Blastoise-LEGO-set.png 1080w\" sizes=\"(max-width: 800px) 100vw, 800px\" \/><\/div><\/a>\n\t\t\t\t<div class=\"elementor-post__text\">\n\t\t\t\t<h3 class=\"elementor-post__title\">\n\t\t\t<a href=\"https:\/\/www.madeinasia.be\/fr\/gagnez-lego-pokemon-dracaufeu-florizarre-tortank\/\" >\n\t\t\t\tAchetez un ticket d&rsquo;entr\u00e9e et gagnez un set LEGO Pok\u00e9mon (Dracaufeu, Florizarre, Tortank)\t\t\t<\/a>\n\t\t<\/h3>\n\t\t\t\t\t<div class=\"elementor-post__read-more-wrapper\">\n\t\t\n\t\t<a class=\"elementor-post__read-more\" href=\"https:\/\/www.madeinasia.be\/fr\/gagnez-lego-pokemon-dracaufeu-florizarre-tortank\/\" aria-label=\"Read more about Achetez un ticket d&rsquo;entr\u00e9e et gagnez un set LEGO Pok\u00e9mon (Dracaufeu, Florizarre, Tortank)\" tabindex=\"-1\" >\n\t\t\tLire plus\t\t<\/a>\n\n\t\t\t\t\t<\/div>\n\t\t\t\t<\/div>\n\t\t\t\t<div class=\"elementor-post__meta-data\">\n\t\t\t\t\t<span class=\"elementor-post-date\">\n\t\t\t20\/02\/2026\t\t<\/span>\n\t\t\t\t<\/div>\n\t\t\t\t\t<\/div>\n\t\t<\/article>\n\t\t\t\t<article class=\"elementor-post elementor-grid-item post-176449 post type-post status-publish format-standard has-post-thumbnail hentry category-non-classifiee edition-made-in-asia-spring-2026\" role=\"listitem\">\n\t\t\t<div class=\"elementor-post__card\">\n\t\t\t\t<a class=\"elementor-post__thumbnail__link\" href=\"https:\/\/www.madeinasia.be\/fr\/one-piece-saison-2-cap-sur-la-grand-line-et-escale-a-bruxelles\/\" tabindex=\"-1\" ><div class=\"elementor-post__thumbnail\"><img decoding=\"async\" width=\"800\" height=\"1000\" src=\"https:\/\/easyfairsassets.com\/sites\/249\/2026\/02\/onepieceart-819x1024.jpg\" class=\"attachment-large size-large wp-image-176460\" alt=\"\" srcset=\"https:\/\/easyfairsassets.com\/sites\/249\/2026\/02\/onepieceart-819x1024.jpg 819w, https:\/\/easyfairsassets.com\/sites\/249\/2026\/02\/onepieceart-240x300.jpg 240w, https:\/\/easyfairsassets.com\/sites\/249\/2026\/02\/onepieceart-768x960.jpg 768w, https:\/\/easyfairsassets.com\/sites\/249\/2026\/02\/onepieceart.jpg 1080w\" sizes=\"(max-width: 800px) 100vw, 800px\" \/><\/div><\/a>\n\t\t\t\t<div class=\"elementor-post__text\">\n\t\t\t\t<h3 class=\"elementor-post__title\">\n\t\t\t<a href=\"https:\/\/www.madeinasia.be\/fr\/one-piece-saison-2-cap-sur-la-grand-line-et-escale-a-bruxelles\/\" >\n\t\t\t\tOne Piece saison 2 : cap sur Grand Line et escale \u00e0 Bruxelles\t\t\t<\/a>\n\t\t<\/h3>\n\t\t\t\t\t<div class=\"elementor-post__read-more-wrapper\">\n\t\t\n\t\t<a class=\"elementor-post__read-more\" href=\"https:\/\/www.madeinasia.be\/fr\/one-piece-saison-2-cap-sur-la-grand-line-et-escale-a-bruxelles\/\" aria-label=\"Read more about One Piece saison 2 : cap sur Grand Line et escale \u00e0 Bruxelles\" tabindex=\"-1\" >\n\t\t\tLire plus\t\t<\/a>\n\n\t\t\t\t\t<\/div>\n\t\t\t\t<\/div>\n\t\t\t\t<div class=\"elementor-post__meta-data\">\n\t\t\t\t\t<span class=\"elementor-post-date\">\n\t\t\t13\/02\/2026\t\t<\/span>\n\t\t\t\t<\/div>\n\t\t\t\t\t<\/div>\n\t\t<\/article>\n\t\t\t\t<article class=\"elementor-post elementor-grid-item post-176430 post type-post status-publish format-standard has-post-thumbnail hentry category-non-classifiee edition-made-in-asia-spring-2026\" role=\"listitem\">\n\t\t\t<div class=\"elementor-post__card\">\n\t\t\t\t<a class=\"elementor-post__thumbnail__link\" href=\"https:\/\/www.madeinasia.be\/fr\/terminal-1\/\" tabindex=\"-1\" ><div class=\"elementor-post__thumbnail\"><img decoding=\"async\" width=\"683\" height=\"1024\" src=\"https:\/\/easyfairsassets.com\/sites\/249\/2026\/02\/DSC09883-683x1024.jpg\" class=\"attachment-large size-large wp-image-176434\" alt=\"\" srcset=\"https:\/\/easyfairsassets.com\/sites\/249\/2026\/02\/DSC09883-683x1024.jpg 683w, https:\/\/easyfairsassets.com\/sites\/249\/2026\/02\/DSC09883-200x300.jpg 200w, https:\/\/easyfairsassets.com\/sites\/249\/2026\/02\/DSC09883-768x1152.jpg 768w, https:\/\/easyfairsassets.com\/sites\/249\/2026\/02\/DSC09883-1024x1536.jpg 1024w, https:\/\/easyfairsassets.com\/sites\/249\/2026\/02\/DSC09883.jpg 1280w\" sizes=\"(max-width: 683px) 100vw, 683px\" \/><\/div><\/a>\n\t\t\t\t<div class=\"elementor-post__text\">\n\t\t\t\t<h3 class=\"elementor-post__title\">\n\t\t\t<a href=\"https:\/\/www.madeinasia.be\/fr\/terminal-1\/\" >\n\t\t\t\tTerminal 1\t\t\t<\/a>\n\t\t<\/h3>\n\t\t\t\t\t<div class=\"elementor-post__read-more-wrapper\">\n\t\t\n\t\t<a class=\"elementor-post__read-more\" href=\"https:\/\/www.madeinasia.be\/fr\/terminal-1\/\" aria-label=\"Read more about Terminal 1\" tabindex=\"-1\" >\n\t\t\tLire plus\t\t<\/a>\n\n\t\t\t\t\t<\/div>\n\t\t\t\t<\/div>\n\t\t\t\t<div class=\"elementor-post__meta-data\">\n\t\t\t\t\t<span class=\"elementor-post-date\">\n\t\t\t13\/02\/2026\t\t<\/span>\n\t\t\t\t<\/div>\n\t\t\t\t\t<\/div>\n\t\t<\/article>\n\t\t\t\t<article class=\"elementor-post elementor-grid-item post-57030 post type-post status-publish format-standard has-post-thumbnail hentry category-non-classifiee tag-concours tag-kpop\" role=\"listitem\">\n\t\t\t<div class=\"elementor-post__card\">\n\t\t\t\t<a class=\"elementor-post__thumbnail__link\" href=\"https:\/\/www.madeinasia.be\/fr\/concours-kpop\/\" tabindex=\"-1\" ><div class=\"elementor-post__thumbnail\"><img loading=\"lazy\" decoding=\"async\" width=\"800\" height=\"534\" src=\"https:\/\/easyfairsassets.com\/sites\/249\/2023\/01\/1-1024x683.jpg\" class=\"attachment-large size-large wp-image-119140\" alt=\"\" srcset=\"https:\/\/easyfairsassets.com\/sites\/249\/2023\/01\/1-1024x683.jpg 1024w, https:\/\/easyfairsassets.com\/sites\/249\/2023\/01\/1-300x200.jpg 300w, https:\/\/easyfairsassets.com\/sites\/249\/2023\/01\/1-768x512.jpg 768w, https:\/\/easyfairsassets.com\/sites\/249\/2023\/01\/1-1536x1024.jpg 1536w, https:\/\/easyfairsassets.com\/sites\/249\/2023\/01\/1.jpg 1920w\" sizes=\"(max-width: 800px) 100vw, 800px\" \/><\/div><\/a>\n\t\t\t\t<div class=\"elementor-post__text\">\n\t\t\t\t<h3 class=\"elementor-post__title\">\n\t\t\t<a href=\"https:\/\/www.madeinasia.be\/fr\/concours-kpop\/\" >\n\t\t\t\tconcours K-POP : Inscris-toi au concours de danse de Made in Asia Spring 2026!\t\t\t<\/a>\n\t\t<\/h3>\n\t\t\t\t\t<div class=\"elementor-post__read-more-wrapper\">\n\t\t\n\t\t<a class=\"elementor-post__read-more\" href=\"https:\/\/www.madeinasia.be\/fr\/concours-kpop\/\" aria-label=\"Read more about concours K-POP : Inscris-toi au concours de danse de Made in Asia Spring 2026!\" tabindex=\"-1\" >\n\t\t\tLire plus\t\t<\/a>\n\n\t\t\t\t\t<\/div>\n\t\t\t\t<\/div>\n\t\t\t\t<div class=\"elementor-post__meta-data\">\n\t\t\t\t\t<span class=\"elementor-post-date\">\n\t\t\t13\/01\/2026\t\t<\/span>\n\t\t\t\t<\/div>\n\t\t\t\t\t<\/div>\n\t\t<\/article>\n\t\t\t\t<article class=\"elementor-post elementor-grid-item post-165145 post type-post status-publish format-standard hentry category-non-classifiee\" role=\"listitem\">\n\t\t\t<div class=\"elementor-post__card\">\n\t\t\t\t<div class=\"elementor-post__text\">\n\t\t\t\t<h3 class=\"elementor-post__title\">\n\t\t\t<a href=\"https:\/\/www.madeinasia.be\/fr\/les-plus-belles-photos-de-la-premiere-journee\/\" >\n\t\t\t\tLes plus belles photos de la premi\u00e8re journ\u00e9e !\t\t\t<\/a>\n\t\t<\/h3>\n\t\t\t\t\t<div class=\"elementor-post__read-more-wrapper\">\n\t\t\n\t\t<a class=\"elementor-post__read-more\" href=\"https:\/\/www.madeinasia.be\/fr\/les-plus-belles-photos-de-la-premiere-journee\/\" aria-label=\"Read more about Les plus belles photos de la premi\u00e8re journ\u00e9e !\" tabindex=\"-1\" >\n\t\t\tLire plus\t\t<\/a>\n\n\t\t\t\t\t<\/div>\n\t\t\t\t<\/div>\n\t\t\t\t<div class=\"elementor-post__meta-data\">\n\t\t\t\t\t<span class=\"elementor-post-date\">\n\t\t\t18\/10\/2025\t\t<\/span>\n\t\t\t\t<\/div>\n\t\t\t\t\t<\/div>\n\t\t<\/article>\n\t\t\t\t<article class=\"elementor-post elementor-grid-item post-163180 post type-post status-publish format-standard has-post-thumbnail hentry category-non-classifiee edition-made-in-asia-fall-2025\" role=\"listitem\">\n\t\t\t<div class=\"elementor-post__card\">\n\t\t\t\t<a class=\"elementor-post__thumbnail__link\" href=\"https:\/\/www.madeinasia.be\/fr\/les-produits-phares-pop-mart-a-ne-pas-manquer-debarque-a-made-in-asia\/\" tabindex=\"-1\" ><div class=\"elementor-post__thumbnail\"><img loading=\"lazy\" decoding=\"async\" width=\"800\" height=\"1000\" src=\"https:\/\/easyfairsassets.com\/sites\/249\/2025\/10\/MADE-IN-ASIA-ins-819x1024.png\" class=\"attachment-large size-large wp-image-163193\" alt=\"\" srcset=\"https:\/\/easyfairsassets.com\/sites\/249\/2025\/10\/MADE-IN-ASIA-ins-819x1024.png 819w, https:\/\/easyfairsassets.com\/sites\/249\/2025\/10\/MADE-IN-ASIA-ins-240x300.png 240w, https:\/\/easyfairsassets.com\/sites\/249\/2025\/10\/MADE-IN-ASIA-ins-768x960.png 768w, https:\/\/easyfairsassets.com\/sites\/249\/2025\/10\/MADE-IN-ASIA-ins-1229x1536.png 1229w, https:\/\/easyfairsassets.com\/sites\/249\/2025\/10\/MADE-IN-ASIA-ins.png 1536w\" sizes=\"(max-width: 800px) 100vw, 800px\" \/><\/div><\/a>\n\t\t\t\t<div class=\"elementor-post__text\">\n\t\t\t\t<h3 class=\"elementor-post__title\">\n\t\t\t<a href=\"https:\/\/www.madeinasia.be\/fr\/les-produits-phares-pop-mart-a-ne-pas-manquer-debarque-a-made-in-asia\/\" >\n\t\t\t\tLes produits phares POP MART \u00e0 ne pas manquer d\u00e9barque \u00e0 Made in Asia !\t\t\t<\/a>\n\t\t<\/h3>\n\t\t\t\t\t<div class=\"elementor-post__read-more-wrapper\">\n\t\t\n\t\t<a class=\"elementor-post__read-more\" href=\"https:\/\/www.madeinasia.be\/fr\/les-produits-phares-pop-mart-a-ne-pas-manquer-debarque-a-made-in-asia\/\" aria-label=\"Read more about Les produits phares POP MART \u00e0 ne pas manquer d\u00e9barque \u00e0 Made in Asia !\" tabindex=\"-1\" >\n\t\t\tLire plus\t\t<\/a>\n\n\t\t\t\t\t<\/div>\n\t\t\t\t<\/div>\n\t\t\t\t<div class=\"elementor-post__meta-data\">\n\t\t\t\t\t<span class=\"elementor-post-date\">\n\t\t\t08\/10\/2025\t\t<\/span>\n\t\t\t\t<\/div>\n\t\t\t\t\t<\/div>\n\t\t<\/article>\n\t\t\t\t<\/div>\n\t\t\n\t\t\t\t\t\t<\/div>\n\t\t\t\t<\/div>\n\t\t\t\t<\/div>\n\t\t\t\t<\/div>\n\t\t\t\t<\/div>\n\t\t\t\t\t<\/div>\n\t\t\t\t<\/div>\n\t\t\t\t<\/div>\n\t\t","protected":false},"excerpt":{"rendered":"<p>Derni\u00e8res news D\u00e9couvre les derni\u00e8re annonces du festival Made in Asia.<\/p>\n","protected":false},"author":933,"featured_media":0,"parent":0,"menu_order":0,"comment_status":"closed","ping_status":"closed","template":"","meta":{"_seopress_robots_primary_cat":"","_seopress_titles_title":"Derni\u00e8res annonces du festival Made in Asia | Brussels Expo","_seopress_titles_desc":"D\u00e9couvre sur cette page les derni\u00e8res actualit\u00e9s du festival : activit\u00e9s, invit\u00e9s et d&#039;autres surprises. Ne manque rien !","_seopress_robots_index":"","footnotes":""},"class_list":["post-490","page","type-page","status-publish","hentry"],"_links":{"self":[{"href":"https:\/\/www.madeinasia.be\/fr\/wp-json\/wp\/v2\/pages\/490","targetHints":{"allow":["GET"]}}],"collection":[{"href":"https:\/\/www.madeinasia.be\/fr\/wp-json\/wp\/v2\/pages"}],"about":[{"href":"https:\/\/www.madeinasia.be\/fr\/wp-json\/wp\/v2\/types\/page"}],"author":[{"embeddable":true,"href":"https:\/\/www.madeinasia.be\/fr\/wp-json\/wp\/v2\/users\/933"}],"replies":[{"embeddable":true,"href":"https:\/\/www.madeinasia.be\/fr\/wp-json\/wp\/v2\/comments?post=490"}],"version-history":[{"count":5,"href":"https:\/\/www.madeinasia.be\/fr\/wp-json\/wp\/v2\/pages\/490\/revisions"}],"predecessor-version":[{"id":155353,"href":"https:\/\/www.madeinasia.be\/fr\/wp-json\/wp\/v2\/pages\/490\/revisions\/155353"}],"wp:attachment":[{"href":"https:\/\/www.madeinasia.be\/fr\/wp-json\/wp\/v2\/media?parent=490"}],"curies":[{"name":"wp","href":"https:\/\/api.w.org\/{rel}","templated":true}]}}