{"id":177026,"date":"2026-02-20T11:27:15","date_gmt":"2026-02-20T10:27:15","guid":{"rendered":"https:\/\/www.madeinasia.be\/?page_id=177026"},"modified":"2026-02-20T12:50:16","modified_gmt":"2026-02-20T11:50:16","slug":"one-piece-netflix","status":"publish","type":"page","link":"https:\/\/www.madeinasia.be\/fr\/one-piece-netflix\/","title":{"rendered":"One Piece &#8211; Netflix"},"content":{"rendered":"\t\t<div data-elementor-type=\"wp-page\" data-elementor-id=\"177026\" class=\"elementor elementor-177026\" data-elementor-post-type=\"page\">\n\t\t\t\t<div class=\"elementor-element elementor-element-ee07524 e-flex e-con-boxed e-con e-parent\" data-id=\"ee07524\" data-element_type=\"container\">\n\t\t\t\t\t<div class=\"e-con-inner\">\n\t\t<div class=\"elementor-element elementor-element-303ee8f e-con-full border-container e-flex e-con e-child\" data-id=\"303ee8f\" data-element_type=\"container\">\n\t\t<div class=\"elementor-element elementor-element-018033b e-con-full e-flex e-con e-child\" data-id=\"018033b\" data-element_type=\"container\" data-settings=\"{&quot;background_background&quot;:&quot;classic&quot;}\">\n\t\t<div class=\"elementor-element elementor-element-f78a0d8 e-con-full e-flex e-con e-child\" data-id=\"f78a0d8\" data-element_type=\"container\" data-settings=\"{&quot;background_background&quot;:&quot;classic&quot;,&quot;motion_fx_motion_fx_scrolling&quot;:&quot;yes&quot;,&quot;motion_fx_translateY_effect&quot;:&quot;yes&quot;,&quot;motion_fx_translateY_direction&quot;:&quot;negative&quot;,&quot;motion_fx_translateY_speed&quot;:{&quot;unit&quot;:&quot;px&quot;,&quot;size&quot;:3,&quot;sizes&quot;:[]},&quot;motion_fx_devices&quot;:[&quot;desktop&quot;,&quot;tablet&quot;],&quot;motion_fx_translateY_affectedRange&quot;:{&quot;unit&quot;:&quot;%&quot;,&quot;size&quot;:&quot;&quot;,&quot;sizes&quot;:{&quot;start&quot;:0,&quot;end&quot;:100}}}\">\n\t\t\t\t<div class=\"elementor-element elementor-element-d6c26e4 elementor-widget elementor-widget-heading\" data-id=\"d6c26e4\" data-element_type=\"widget\" data-widget_type=\"heading.default\">\n\t\t\t\t<div class=\"elementor-widget-container\">\n\t\t\t\t\t<h1 class=\"elementor-heading-title elementor-size-default\">One Piece - Netflix<\/h1>\t\t\t\t<\/div>\n\t\t\t\t<\/div>\n\t\t\t\t<div class=\"elementor-element elementor-element-4fd74cd elementor-widget elementor-widget-heading\" data-id=\"4fd74cd\" data-element_type=\"widget\" data-widget_type=\"heading.default\">\n\t\t\t\t<div class=\"elementor-widget-container\">\n\t\t\t\t\t<h2 class=\"elementor-heading-title elementor-size-default\">Visite le stand Netflix One Piece en Hall 5 - G18<\/h2>\t\t\t\t<\/div>\n\t\t\t\t<\/div>\n\t\t\t\t<\/div>\n\t\t\t\t<\/div>\n\t\t<div class=\"elementor-element elementor-element-8e2d922 e-con-full e-flex e-con e-child\" data-id=\"8e2d922\" data-element_type=\"container\" data-settings=\"{&quot;background_background&quot;:&quot;classic&quot;,&quot;shape_divider_bottom&quot;:&quot;triangle-asymmetrical&quot;,&quot;shape_divider_top&quot;:&quot;tilt&quot;}\">\n\t\t\t\t<div class=\"elementor-shape elementor-shape-top\" aria-hidden=\"true\" data-negative=\"false\">\n\t\t\t<svg xmlns=\"http:\/\/www.w3.org\/2000\/svg\" viewBox=\"0 0 1000 100\" preserveAspectRatio=\"none\">\n\t<path class=\"elementor-shape-fill\" d=\"M0,6V0h1000v100L0,6z\"\/>\n<\/svg>\t\t<\/div>\n\t\t\t\t<div class=\"elementor-shape elementor-shape-bottom\" aria-hidden=\"true\" data-negative=\"false\">\n\t\t\t<svg xmlns=\"http:\/\/www.w3.org\/2000\/svg\" viewBox=\"0 0 1000 100\" preserveAspectRatio=\"none\">\n\t<path class=\"elementor-shape-fill\" d=\"M738,99l262-93V0H0v5.6L738,99z\"\/>\n<\/svg>\t\t<\/div>\n\t\t<div class=\"elementor-element elementor-element-4ff53bf e-con-full e-flex e-con e-child\" data-id=\"4ff53bf\" data-element_type=\"container\">\n\t\t<div class=\"elementor-element elementor-element-c3b4d1e e-con-full e-flex e-con e-child\" data-id=\"c3b4d1e\" data-element_type=\"container\">\n\t\t<div class=\"elementor-element elementor-element-4677982 e-con-full e-flex e-con e-child\" data-id=\"4677982\" data-element_type=\"container\">\n\t\t\t\t<div class=\"elementor-element elementor-element-14c0766 elementor-widget elementor-widget-image\" data-id=\"14c0766\" data-element_type=\"widget\" data-widget_type=\"image.default\">\n\t\t\t\t<div class=\"elementor-widget-container\">\n\t\t\t\t\t\t\t\t\t\t\t\t\t\t\t<img fetchpriority=\"high\" decoding=\"async\" width=\"800\" height=\"1000\" src=\"https:\/\/easyfairsassets.com\/sites\/249\/2026\/02\/NET0004_MIA_WEBPAGE_VERTICAL_1_FR-819x1024.jpg\" class=\"attachment-large size-large wp-image-177032\" alt=\"\" srcset=\"https:\/\/easyfairsassets.com\/sites\/249\/2026\/02\/NET0004_MIA_WEBPAGE_VERTICAL_1_FR-819x1024.jpg 819w, https:\/\/easyfairsassets.com\/sites\/249\/2026\/02\/NET0004_MIA_WEBPAGE_VERTICAL_1_FR-240x300.jpg 240w, https:\/\/easyfairsassets.com\/sites\/249\/2026\/02\/NET0004_MIA_WEBPAGE_VERTICAL_1_FR-768x960.jpg 768w, https:\/\/easyfairsassets.com\/sites\/249\/2026\/02\/NET0004_MIA_WEBPAGE_VERTICAL_1_FR.jpg 1080w\" sizes=\"(max-width: 800px) 100vw, 800px\" \/>\t\t\t\t\t\t\t\t\t\t\t\t\t\t\t<\/div>\n\t\t\t\t<\/div>\n\t\t\t\t<\/div>\n\t\t<div class=\"elementor-element elementor-element-8a08bab e-con-full e-flex e-con e-child\" data-id=\"8a08bab\" data-element_type=\"container\">\n\t\t\t\t<div class=\"elementor-element elementor-element-4399fcc elementor-widget__width-initial elementor-widget elementor-widget-heading\" data-id=\"4399fcc\" data-element_type=\"widget\" data-widget_type=\"heading.default\">\n\t\t\t\t<div class=\"elementor-widget-container\">\n\t\t\t\t\t<h1 class=\"elementor-heading-title elementor-size-default\">Ton dernier stop de pirate avant d\u2019affronter GRAND LINE<\/h1>\t\t\t\t<\/div>\n\t\t\t\t<\/div>\n\t\t<!-- dce invisible element 23603ba -->\t\t<div class=\"elementor-element elementor-element-007f832 elementor-widget__width-initial elementor-widget elementor-widget-text-editor\" data-id=\"007f832\" data-element_type=\"widget\" data-widget_type=\"text-editor.default\">\n\t\t\t\t<div class=\"elementor-widget-container\">\n\t\t\t\t\t\t\t\t\t<p>\u00c9quipe-toi dans le <span style=\"text-decoration: underline;\"><strong>Hall 5<\/strong><\/span> au stand <span style=\"text-decoration: underline;\"><strong>Netflix One Piece G18<\/strong><\/span><strong>.<\/strong><\/p><p>R\u00e9cup\u00e8re ton affiche wanted, ton tatouage de pirate, ton chapeau de paille, et peut-\u00eatre m\u00eame un fruit Gum Gum LEGO\u00ae.<\/p><p>Participe \u00e0 la recherche de Tony Tony Chopper et tente de <strong>gagner un set LEGO One Piece GOING MERRY <\/strong>.<\/p><p>Rends-toi au stand Netflix One Piece pour plus d\u2019informations.<\/p><p><strong>L\u00c8VE L\u2019ANCRE. GRAND LINE T\u2019ATTEND !<\/strong><\/p><p>La <strong>saison 2 de One Piece<\/strong> arrive le <strong>10 mars<\/strong>. Seulement sur <strong>Netflix<\/strong>.<\/p><p>16+ pour participer sauf si accompagn\u00e9 d\u2019un adulte. Dans la limite des stocks disponibles.<\/p>\t\t\t\t\t\t\t\t<\/div>\n\t\t\t\t<\/div>\n\t\t\t\t<\/div>\n\t\t\t\t<\/div>\n\t\t\t\t<\/div>\n\t\t\t\t<div class=\"elementor-element elementor-element-448964f elementor-widget elementor-widget-text-editor\" data-id=\"448964f\" data-element_type=\"widget\" data-widget_type=\"text-editor.default\">\n\t\t\t\t<div class=\"elementor-widget-container\">\n\t\t\t\t\t\t\t\t\t<pre><em>LEGO, le logo LEGO et la Minifigure sont des marques d\u00e9pos\u00e9es du Groupe LEGO. \u00a92025 Le Groupe LEGO. \u00a9Eiichiro Oda\/SHUEISHA \u00a9Netflix\/Tomorrow<\/em><\/pre>\t\t\t\t\t\t\t\t<\/div>\n\t\t\t\t<\/div>\n\t\t<!-- dce invisible element 3eaa610 --><!-- dce invisible element 81ef843 --><div class=\"elementor-element elementor-element-ef6227b e-con-full e-flex e-con e-child\" data-id=\"ef6227b\" data-element_type=\"container\">\n\t\t\t\t<div class=\"elementor-element elementor-element-f99b3b0 elementor-cta--layout-image-above elementor-cta--tablet-layout-image-left elementor-cta--mobile-layout-image-above elementor-widget__width-initial elementor-cta--skin-classic elementor-animated-content elementor-bg-transform elementor-bg-transform-zoom-in elementor-widget elementor-widget-call-to-action\" data-id=\"f99b3b0\" data-element_type=\"widget\" data-widget_type=\"call-to-action.default\">\n\t\t\t\t<div class=\"elementor-widget-container\">\n\t\t\t\t\t\t\t<div class=\"elementor-cta\">\n\t\t\t\t\t<div class=\"elementor-cta__bg-wrapper\">\n\t\t\t\t<div class=\"elementor-cta__bg elementor-bg\" style=\"background-image: url(https:\/\/easyfairsassets.com\/sites\/249\/2021\/04\/Activites-gaming-Retro-1-1024x683.jpg);\" role=\"img\" aria-label=\"Activit\u00e9s Gaming\"><\/div>\n\t\t\t\t<div class=\"elementor-cta__bg-overlay\"><\/div>\n\t\t\t<\/div>\n\t\t\t\t\t\t\t<div class=\"elementor-cta__content\">\n\t\t\t\t\n\t\t\t\t\t\t\t\t\t<h3 class=\"elementor-cta__title elementor-cta__content-item elementor-content-item\">\n\t\t\t\t\t\tToutes les activit\u00e9s\t\t\t\t\t<\/h3>\n\t\t\t\t\n\t\t\t\t\n\t\t\t\t\t\t\t\t\t<div class=\"elementor-cta__button-wrapper elementor-cta__content-item elementor-content-item \">\n\t\t\t\t\t<a class=\"elementor-cta__button elementor-button elementor-size-lg\" href=\"https:\/\/www.madeinasia.be\/fr\/toutes-les-activites\/\">\n\t\t\t\t\t\tD\u00e9couvre\t\t\t\t\t<\/a>\n\t\t\t\t\t<\/div>\n\t\t\t\t\t\t\t<\/div>\n\t\t\t\t\t\t<\/div>\n\t\t\t\t\t\t<\/div>\n\t\t\t\t<\/div>\n\t\t\t\t<div class=\"elementor-element elementor-element-5c28edc elementor-cta--layout-image-above elementor-cta--tablet-layout-image-right elementor-cta--mobile-layout-image-above elementor-widget__width-initial elementor-cta--skin-classic elementor-animated-content elementor-bg-transform elementor-bg-transform-zoom-in elementor-widget elementor-widget-call-to-action\" data-id=\"5c28edc\" data-element_type=\"widget\" data-widget_type=\"call-to-action.default\">\n\t\t\t\t<div class=\"elementor-widget-container\">\n\t\t\t\t\t\t\t<div class=\"elementor-cta\">\n\t\t\t\t\t<div class=\"elementor-cta__bg-wrapper\">\n\t\t\t\t<div class=\"elementor-cta__bg elementor-bg\" style=\"background-image: url(https:\/\/easyfairsassets.com\/sites\/249\/2021\/04\/71952424_10156597317974849_4810758736144498688_n-1024x683.jpg);\" role=\"img\" aria-label=\"D\u00e9couvrez les activit\u00e9s manga\"><\/div>\n\t\t\t\t<div class=\"elementor-cta__bg-overlay\"><\/div>\n\t\t\t<\/div>\n\t\t\t\t\t\t\t<div class=\"elementor-cta__content\">\n\t\t\t\t\n\t\t\t\t\t\t\t\t\t<h3 class=\"elementor-cta__title elementor-cta__content-item elementor-content-item\">\n\t\t\t\t\t\tTous les invit\u00e9s\t\t\t\t\t<\/h3>\n\t\t\t\t\n\t\t\t\t\n\t\t\t\t\t\t\t\t\t<div class=\"elementor-cta__button-wrapper elementor-cta__content-item elementor-content-item \">\n\t\t\t\t\t<a class=\"elementor-cta__button elementor-button elementor-size-lg\" href=\"https:\/\/www.madeinasia.be\/fr\/les-invites-heroes-comic-con-gameforce-et-made-in-asia\/\">\n\t\t\t\t\t\tD\u00e9couvre\t\t\t\t\t<\/a>\n\t\t\t\t\t<\/div>\n\t\t\t\t\t\t\t<\/div>\n\t\t\t\t\t\t<\/div>\n\t\t\t\t\t\t<\/div>\n\t\t\t\t<\/div>\n\t\t<!-- dce invisible element 852a218 -->\t\t<\/div>\n\t\t\t\t<\/div>\n\t\t\t\t<\/div>\n\t\t\t\t\t<\/div>\n\t\t\t\t<\/div>\n\t\t<div class=\"elementor-element elementor-element-dcff49c e-flex e-con-boxed e-con e-parent\" data-id=\"dcff49c\" data-element_type=\"container\">\n\t\t\t\t\t<div class=\"e-con-inner\">\n\t\t\t\t\t<\/div>\n\t\t\t\t<\/div>\n\t\t\t\t<\/div>\n\t\t","protected":false},"excerpt":{"rendered":"<p>One Piece &#8211; Netflix Visite le stand Netflix One Piece en Hall 5 &#8211; G18 Ton dernier stop de pirate avant d\u2019affronter GRAND LINE \u00c9quipe-toi dans le Hall 5 au stand Netflix One Piece G18. R\u00e9cup\u00e8re ton affiche wanted, ton tatouage de pirate, ton chapeau de paille, et peut-\u00eatre m\u00eame un fruit Gum Gum LEGO\u00ae. [&hellip;]<\/p>\n","protected":false},"author":1595,"featured_media":177136,"parent":0,"menu_order":0,"comment_status":"closed","ping_status":"closed","template":"","meta":{"_seopress_robots_primary_cat":"","_seopress_titles_title":"One Piece - Netflix - Made in Asia | Brussels Expo","_seopress_titles_desc":"Ton dernier stop de pirate avant d\u2019affronter Grand Line.\r\n\r\n\u00c9quipe-toi dans le hall 5 au stand Netflix one piece G18.\r\nR\u00e9cup\u00e8re ton affiche wanted, un tatouage de pirate, un chapeau de paille, et peut-\u00eatre m\u00eame un fruit gum gum LEGO\u00ae.","_seopress_robots_index":"","footnotes":""},"class_list":["post-177026","page","type-page","status-publish","has-post-thumbnail","hentry"],"_links":{"self":[{"href":"https:\/\/www.madeinasia.be\/fr\/wp-json\/wp\/v2\/pages\/177026","targetHints":{"allow":["GET"]}}],"collection":[{"href":"https:\/\/www.madeinasia.be\/fr\/wp-json\/wp\/v2\/pages"}],"about":[{"href":"https:\/\/www.madeinasia.be\/fr\/wp-json\/wp\/v2\/types\/page"}],"author":[{"embeddable":true,"href":"https:\/\/www.madeinasia.be\/fr\/wp-json\/wp\/v2\/users\/1595"}],"replies":[{"embeddable":true,"href":"https:\/\/www.madeinasia.be\/fr\/wp-json\/wp\/v2\/comments?post=177026"}],"version-history":[{"count":5,"href":"https:\/\/www.madeinasia.be\/fr\/wp-json\/wp\/v2\/pages\/177026\/revisions"}],"predecessor-version":[{"id":177168,"href":"https:\/\/www.madeinasia.be\/fr\/wp-json\/wp\/v2\/pages\/177026\/revisions\/177168"}],"wp:featuredmedia":[{"embeddable":true,"href":"https:\/\/www.madeinasia.be\/fr\/wp-json\/wp\/v2\/media\/177136"}],"wp:attachment":[{"href":"https:\/\/www.madeinasia.be\/fr\/wp-json\/wp\/v2\/media?parent=177026"}],"curies":[{"name":"wp","href":"https:\/\/api.w.org\/{rel}","templated":true}]}}