{"id":176665,"date":"2026-02-17T15:21:05","date_gmt":"2026-02-17T14:21:05","guid":{"rendered":"https:\/\/www.madeinasia.be\/?page_id=176665"},"modified":"2026-02-25T09:29:19","modified_gmt":"2026-02-25T08:29:19","slug":"belgian-valley","status":"publish","type":"page","link":"https:\/\/www.madeinasia.be\/fr\/belgian-valley\/","title":{"rendered":"Belgian Valley"},"content":{"rendered":"\t\t<div data-elementor-type=\"wp-page\" data-elementor-id=\"176665\" class=\"elementor elementor-176665\" data-elementor-post-type=\"page\">\n\t\t\t\t<div class=\"elementor-element elementor-element-fe22178 e-flex e-con-boxed e-con e-parent\" data-id=\"fe22178\" data-element_type=\"container\">\n\t\t\t\t\t<div class=\"e-con-inner\">\n\t\t<div class=\"elementor-element elementor-element-8e0fbd8 e-con-full border-container e-flex e-con e-child\" data-id=\"8e0fbd8\" data-element_type=\"container\">\n\t\t<div class=\"elementor-element elementor-element-34a7897 e-con-full e-flex e-con e-child\" data-id=\"34a7897\" data-element_type=\"container\" data-settings=\"{&quot;background_background&quot;:&quot;classic&quot;}\">\n\t\t<div class=\"elementor-element elementor-element-2353dd2 e-con-full e-flex e-con e-child\" data-id=\"2353dd2\" data-element_type=\"container\" data-settings=\"{&quot;background_background&quot;:&quot;classic&quot;,&quot;motion_fx_motion_fx_scrolling&quot;:&quot;yes&quot;,&quot;motion_fx_translateY_effect&quot;:&quot;yes&quot;,&quot;motion_fx_translateY_direction&quot;:&quot;negative&quot;,&quot;motion_fx_translateY_speed&quot;:{&quot;unit&quot;:&quot;px&quot;,&quot;size&quot;:3,&quot;sizes&quot;:[]},&quot;motion_fx_devices&quot;:[&quot;desktop&quot;,&quot;tablet&quot;],&quot;motion_fx_translateY_affectedRange&quot;:{&quot;unit&quot;:&quot;%&quot;,&quot;size&quot;:&quot;&quot;,&quot;sizes&quot;:{&quot;start&quot;:0,&quot;end&quot;:100}}}\">\n\t\t\t\t<div class=\"elementor-element elementor-element-17f3d20 elementor-widget elementor-widget-heading\" data-id=\"17f3d20\" data-element_type=\"widget\" data-widget_type=\"heading.default\">\n\t\t\t\t<div class=\"elementor-widget-container\">\n\t\t\t\t\t<h1 class=\"elementor-heading-title elementor-size-default\">Belgian Valley<\/h1>\t\t\t\t<\/div>\n\t\t\t\t<\/div>\n\t\t\t\t<div class=\"elementor-element elementor-element-0366ae6 elementor-widget elementor-widget-heading\" data-id=\"0366ae6\" data-element_type=\"widget\" data-widget_type=\"heading.default\">\n\t\t\t\t<div class=\"elementor-widget-container\">\n\t\t\t\t\t<h2 class=\"elementor-heading-title elementor-size-default\">D\u00e9couvre la nouvelle zone d\u00e9di\u00e9e aux jeunes cr\u00e9ateurs belges<\/h2>\t\t\t\t<\/div>\n\t\t\t\t<\/div>\n\t\t\t\t<\/div>\n\t\t\t\t<\/div>\n\t\t<div class=\"elementor-element elementor-element-04571c2 e-con-full e-flex e-con e-child\" data-id=\"04571c2\" data-element_type=\"container\" data-settings=\"{&quot;background_background&quot;:&quot;classic&quot;,&quot;shape_divider_top&quot;:&quot;tilt&quot;}\">\n\t\t\t\t<div class=\"elementor-shape elementor-shape-top\" aria-hidden=\"true\" data-negative=\"false\">\n\t\t\t<svg xmlns=\"http:\/\/www.w3.org\/2000\/svg\" viewBox=\"0 0 1000 100\" preserveAspectRatio=\"none\">\n\t<path class=\"elementor-shape-fill\" d=\"M0,6V0h1000v100L0,6z\"\/>\n<\/svg>\t\t<\/div>\n\t\t<div class=\"elementor-element elementor-element-5cddb6b e-con-full e-flex e-con e-child\" data-id=\"5cddb6b\" data-element_type=\"container\">\n\t\t<div class=\"elementor-element elementor-element-9f76398 e-con-full e-flex e-con e-child\" data-id=\"9f76398\" data-element_type=\"container\" data-settings=\"{&quot;background_background&quot;:&quot;classic&quot;}\">\n\t\t<div class=\"elementor-element elementor-element-d66c7cf e-con-full e-flex e-con e-child\" data-id=\"d66c7cf\" data-element_type=\"container\" data-settings=\"{&quot;background_background&quot;:&quot;classic&quot;}\">\n\t\t\t\t<\/div>\n\t\t<div class=\"elementor-element elementor-element-ba1b35e e-con-full e-flex e-con e-child\" data-id=\"ba1b35e\" data-element_type=\"container\" data-settings=\"{&quot;background_background&quot;:&quot;classic&quot;}\">\n\t\t\t\t<div class=\"elementor-element elementor-element-bed9bfa elementor-widget elementor-widget-heading\" data-id=\"bed9bfa\" data-element_type=\"widget\" data-widget_type=\"heading.default\">\n\t\t\t\t<div class=\"elementor-widget-container\">\n\t\t\t\t\t<h3 class=\"elementor-heading-title elementor-size-default\">Nouvelle Zone: Belgian Valley<\/h3>\t\t\t\t<\/div>\n\t\t\t\t<\/div>\n\t\t\t\t<div class=\"elementor-element elementor-element-0fca281 styled-list elementor-widget elementor-widget-text-editor\" data-id=\"0fca281\" data-element_type=\"widget\" data-widget_type=\"text-editor.default\">\n\t\t\t\t<div class=\"elementor-widget-container\">\n\t\t\t\t\t\t\t\t\t<p>La <strong>Belgian Valley<\/strong> est la toute nouvelle zone exclusivement d\u00e9di\u00e9e aux artistes et au savoir-faire des cr\u00e9ateurs belges ! Un lieu unique, vibrant et inspirant, pens\u00e9 pour mettre en lumi\u00e8re la cr\u00e9ativit\u00e9 locale sous toutes ses formes.<br \/>Vous y retrouverez <strong>34 artistes belges ultra talentueux<\/strong>, r\u00e9unis pour vous faire d\u00e9couvrir des <strong>cr\u00e9ations uniques<\/strong>, originales et authentiques.<\/p><p>C\u2019est aussi un espace o\u00f9 les visiteurs pourront <strong>faire du shopping<\/strong>, fl\u00e2ner au fil des stands et <strong>d\u00e9nicher de v\u00e9ritables tr\u00e9sors incroyables<\/strong>, imagin\u00e9s et fa\u00e7onn\u00e9s avec passion par des cr\u00e9ateurs belges.<br \/>Enfin, la Belgian Valley sera \u00e9galement un lieu d\u2019\u00e9change et de partage o\u00f9 il sera possible <strong>d\u2019y suivre une multitude de workshops d\u00e9di\u00e9s \u00e0 la pop culture<\/strong>, pour vivre une exp\u00e9rience encore plus immersive.<\/p>\t\t\t\t\t\t\t\t<\/div>\n\t\t\t\t<\/div>\n\t\t\t\t<\/div>\n\t\t\t\t<\/div>\n\t\t\t\t<\/div>\n\t\t<div class=\"elementor-element elementor-element-40b9c17 e-con-full e-flex e-con e-child\" data-id=\"40b9c17\" data-element_type=\"container\">\n\t\t<div class=\"elementor-element elementor-element-3036d1d e-con-full e-flex e-con e-child\" data-id=\"3036d1d\" data-element_type=\"container\" data-settings=\"{&quot;background_background&quot;:&quot;classic&quot;}\">\n\t\t<div class=\"elementor-element elementor-element-332c197 e-con-full e-flex e-con e-child\" data-id=\"332c197\" data-element_type=\"container\" data-settings=\"{&quot;background_background&quot;:&quot;classic&quot;}\">\n\t\t\t\t<div class=\"elementor-element elementor-element-b2bbb4b elementor-widget elementor-widget-heading\" data-id=\"b2bbb4b\" data-element_type=\"widget\" data-widget_type=\"heading.default\">\n\t\t\t\t<div class=\"elementor-widget-container\">\n\t\t\t\t\t<h3 class=\"elementor-heading-title elementor-size-default\"> Les visiteurs qui souhaitent participer aux ateliers doivent r\u00e9server un cr\u00e9neau au stand de \u00ab La Nouvelle Pouce \u00bb (TBV.32)   <\/h3>\t\t\t\t<\/div>\n\t\t\t\t<\/div>\n\t\t\t\t<\/div>\n\t\t\t\t<\/div>\n\t\t\t\t<\/div>\n\t\t\t\t<div class=\"elementor-element elementor-element-f5f5662 elementor-widget elementor-widget-spacer\" data-id=\"f5f5662\" data-element_type=\"widget\" data-widget_type=\"spacer.default\">\n\t\t\t\t<div class=\"elementor-widget-container\">\n\t\t\t\t\t\t\t<div class=\"elementor-spacer\">\n\t\t\t<div class=\"elementor-spacer-inner\"><\/div>\n\t\t<\/div>\n\t\t\t\t\t\t<\/div>\n\t\t\t\t<\/div>\n\t\t\t\t<div class=\"elementor-element elementor-element-66c5ac7 elementor-widget__width-initial elementor-widget elementor-widget-text-editor\" data-id=\"66c5ac7\" data-element_type=\"widget\" data-widget_type=\"text-editor.default\">\n\t\t\t\t<div class=\"elementor-widget-container\">\n\t\t\t\t\t\t\t\t\t<p>Retrouve tous les horaires pour les ateliers Belgian Valley de Made in Asia !<\/p>\t\t\t\t\t\t\t\t<\/div>\n\t\t\t\t<\/div>\n\t\t<div class=\"elementor-element elementor-element-a776a50 e-con-full e-flex e-con e-child\" data-id=\"a776a50\" data-element_type=\"container\">\n\t\t\t\t<div class=\"elementor-element elementor-element-3d3886c elementor-widget elementor-widget-heading\" data-id=\"3d3886c\" data-element_type=\"widget\" data-widget_type=\"heading.default\">\n\t\t\t\t<div class=\"elementor-widget-container\">\n\t\t\t\t\t<h2 class=\"elementor-heading-title elementor-size-default\">Programme Samedi<\/h2>\t\t\t\t<\/div>\n\t\t\t\t<\/div>\n\t\t\t\t<div class=\"elementor-element elementor-element-03e811b elementor-widget-tablet__width-initial elementor-widget elementor-widget-heading\" data-id=\"03e811b\" data-element_type=\"widget\" data-widget_type=\"heading.default\">\n\t\t\t\t<div class=\"elementor-widget-container\">\n\t\t\t\t\t<h4 class=\"elementor-heading-title elementor-size-default\">ZONE 1<br><br><\/h4>\t\t\t\t<\/div>\n\t\t\t\t<\/div>\n\t\t\t\t<div class=\"elementor-element elementor-element-f3f1842 elementor-widget__width-initial elementor-widget-tablet__width-initial elementor-widget elementor-widget-text-editor\" data-id=\"f3f1842\" data-element_type=\"widget\" data-widget_type=\"text-editor.default\">\n\t\t\t\t<div class=\"elementor-widget-container\">\n\t\t\t\t\t\t\t\t\t<hr \/><p><strong>10-11h<\/strong> Les bases d&rsquo;un bon sc\u00e9nario par <em>Hellboy Dom <\/em><\/p><ul><li>Ecrire un thriller sanglant avec l&rsquo;auteur belge Hellboy Dom<\/li><\/ul><hr \/><p><strong>11-12h<\/strong> Sakura \u00e0 l&rsquo;encre sur papier de riz par <em>Shiki Illustration<\/em><\/p><ul><li>D\u00e9couvre la peinture \u00e0 l&rsquo;encre de Chine sur papier riz en r\u00e9alisant un cerisier, dans l&rsquo;esprit de la calligraphie, et repars avec ta cr\u00e9ation<\/li><\/ul><hr \/><p><strong>13-14h<\/strong> cr\u00e9ation de carte Pok\u00e9mon par<em> Illona la petite \u00e9toile<\/em><\/p><ul><li>Cr\u00e9ativit\u00e9 et imagination \u00e0 travers le dessin de votre propre \u00ab\u00a0Pok\u00e9mon \u00a0\u00bb .<\/li><\/ul><hr \/><p><strong>14-15h<\/strong> Initiation au jeu de r\u00f4le par <em>La Looterie<\/em><\/p><ul><li>Atelier d\u2019initiation au jeu de r\u00f4le sur table, anim\u00e9 par un Ma\u00eetre du Jeu o\u00f9 les participants pourront cr\u00e9er un personnage (Si nous avons le temps) ou vivre une aventure \u201cone-shot\u201d immersive d\u2019environ 1 heure, sans aucun pr\u00e9requis.<\/li><\/ul><hr \/><p><strong>15-16h <\/strong>Cr\u00e9e ton propre marque page personnalis\u00e9 par <em>LNP<\/em><\/p><hr \/><p><strong>16-17h<\/strong> Peindre une lanterne japonaise \u00e0 l&rsquo;\u00e9coline noire par <em>Scyan&rsquo;s Pencils<\/em><\/p><ul><li>Nous apprenons \u00e0 peindre une lanterne japonaise \u00e0 l&rsquo;\u00e9coline noire, selon une technique qui \u00e9voque les estampes \u00e0 l&rsquo;encre de Chine.<br \/>Tous les niveaux artistiques sont bienvenus, m\u00eame si vous n&rsquo;avez jamais touch\u00e9 un pinceau !<\/li><\/ul><hr \/>\t\t\t\t\t\t\t\t<\/div>\n\t\t\t\t<\/div>\n\t\t\t\t<\/div>\n\t\t<div class=\"elementor-element elementor-element-cc6525e e-con-full e-flex e-con e-child\" data-id=\"cc6525e\" data-element_type=\"container\">\n\t\t\t\t<div class=\"elementor-element elementor-element-5e41a94 elementor-widget elementor-widget-heading\" data-id=\"5e41a94\" data-element_type=\"widget\" data-widget_type=\"heading.default\">\n\t\t\t\t<div class=\"elementor-widget-container\">\n\t\t\t\t\t<h2 class=\"elementor-heading-title elementor-size-default\">Programme Samedi<\/h2>\t\t\t\t<\/div>\n\t\t\t\t<\/div>\n\t\t\t\t<div class=\"elementor-element elementor-element-59dcf85 elementor-widget-tablet__width-initial elementor-widget elementor-widget-heading\" data-id=\"59dcf85\" data-element_type=\"widget\" data-widget_type=\"heading.default\">\n\t\t\t\t<div class=\"elementor-widget-container\">\n\t\t\t\t\t<h4 class=\"elementor-heading-title elementor-size-default\">ZONE 2<br><br><\/h4>\t\t\t\t<\/div>\n\t\t\t\t<\/div>\n\t\t\t\t<div class=\"elementor-element elementor-element-907124d elementor-widget__width-initial elementor-widget-tablet__width-initial elementor-widget elementor-widget-text-editor\" data-id=\"907124d\" data-element_type=\"widget\" data-widget_type=\"text-editor.default\">\n\t\t\t\t<div class=\"elementor-widget-container\">\n\t\t\t\t\t\t\t\t\t<hr \/><p><strong>10-11h<\/strong> Le Manhwa, ces nouvelles BD cor\u00e9en qui font fureur par <em>Sweet and Books<\/em><\/p><ul><li>Une pr\u00e9sentation sur les Manhwa, leur origine, les diff\u00e9rence entre les mangas et les Manhwa, les sites de Manhwa, pr\u00e9senter quelques titres et leur interpr\u00e9tation cin\u00e9matographique.\u00a0<\/li><\/ul><hr \/><p><strong>11-12h<\/strong> Dessine un portrait style cartoon par <em>Libidibidoo\u00a0<\/em><\/p><ul><li><em>Libidibidoo<\/em>\u00a0t&rsquo;apprendra \u00e0 dessiner un portrait dans un style cartoon simple.<\/li><\/ul><hr \/><p><strong>12-13h <\/strong>Peigne ton propre \u00e9pingle en argile\u00a0by <em>naddicreates<\/em><\/p><ul><li>Pour cet atelier, des broches en argile autodurcissante faites \u00e0 la main et non peintes, repr\u00e9sentant des chats et des chiens de diff\u00e9rentes races, seront fournies. Les participants pourront les d\u00e9corer eux-m\u00eames afin qu\u2019elles ressemblent \u00e0 leur animal de compagnie, \u00e0 l\u2019aide de marqueurs acryliques \u00e9galement mis \u00e0 disposition.<\/li><\/ul><hr \/>\t\t\t\t\t\t\t\t<\/div>\n\t\t\t\t<\/div>\n\t\t\t\t<\/div>\n\t\t<div class=\"elementor-element elementor-element-7bf3db9 e-con-full e-flex e-con e-child\" data-id=\"7bf3db9\" data-element_type=\"container\">\n\t\t\t\t<div class=\"elementor-element elementor-element-8964cb3 elementor-widget elementor-widget-heading\" data-id=\"8964cb3\" data-element_type=\"widget\" data-widget_type=\"heading.default\">\n\t\t\t\t<div class=\"elementor-widget-container\">\n\t\t\t\t\t<h2 class=\"elementor-heading-title elementor-size-default\">Programme Dimanche<\/h2>\t\t\t\t<\/div>\n\t\t\t\t<\/div>\n\t\t\t\t<div class=\"elementor-element elementor-element-df1db62 elementor-widget-tablet__width-initial elementor-widget elementor-widget-heading\" data-id=\"df1db62\" data-element_type=\"widget\" data-widget_type=\"heading.default\">\n\t\t\t\t<div class=\"elementor-widget-container\">\n\t\t\t\t\t<h4 class=\"elementor-heading-title elementor-size-default\">ZONE 1<br><br><\/h4>\t\t\t\t<\/div>\n\t\t\t\t<\/div>\n\t\t\t\t<div class=\"elementor-element elementor-element-3abe61b elementor-widget__width-initial elementor-widget-tablet__width-initial elementor-widget elementor-widget-text-editor\" data-id=\"3abe61b\" data-element_type=\"widget\" data-widget_type=\"text-editor.default\">\n\t\t\t\t<div class=\"elementor-widget-container\">\n\t\t\t\t\t\t\t\t\t<hr \/><p><strong>10-11h<\/strong> Les bases d&rsquo;un bon sc\u00e9nario par <em>Hellboy Dom <\/em><\/p><ul><li>Ecrire un thriller sanglant avec l&rsquo;auteur belge Hellboy Dom<\/li><\/ul><hr \/><p><strong>11-12h<\/strong> Le Manhwa, ces nouvelles BD cor\u00e9en qui font fureur par <em>Sweet and books<\/em><\/p><ul><li>Une pr\u00e9sentation sur les Manhwa, leur origine, les diff\u00e9rence entre les mangas et les Manhwa, les sites de Manhwa, pr\u00e9senter quelques titres et leur interpr\u00e9tation cin\u00e9matographique.\u00a0<\/li><\/ul><hr \/><p><strong>13-14h <\/strong>Peigne ton propre \u00e9pingle en argile\u00a0par <em>naddicreates<\/em><\/p><ul><li>Pour cet atelier, des broches en argile autodurcissante faites \u00e0 la main et non peintes, repr\u00e9sentant des chats et des chiens de diff\u00e9rentes races, seront fournies. Les participants pourront les d\u00e9corer eux-m\u00eames afin qu\u2019elles ressemblent \u00e0 leur animal de compagnie, \u00e0 l\u2019aide de marqueurs acryliques \u00e9galement mis \u00e0 disposition.<\/li><\/ul><hr \/>\t\t\t\t\t\t\t\t<\/div>\n\t\t\t\t<\/div>\n\t\t\t\t<\/div>\n\t\t<div class=\"elementor-element elementor-element-ddf2f87 e-con-full e-flex e-con e-child\" data-id=\"ddf2f87\" data-element_type=\"container\">\n\t\t\t\t<div class=\"elementor-element elementor-element-a9c8f86 elementor-widget elementor-widget-heading\" data-id=\"a9c8f86\" data-element_type=\"widget\" data-widget_type=\"heading.default\">\n\t\t\t\t<div class=\"elementor-widget-container\">\n\t\t\t\t\t<h2 class=\"elementor-heading-title elementor-size-default\">Programme Dimanche<\/h2>\t\t\t\t<\/div>\n\t\t\t\t<\/div>\n\t\t\t\t<div class=\"elementor-element elementor-element-a7ee6fa elementor-widget-tablet__width-initial elementor-widget elementor-widget-heading\" data-id=\"a7ee6fa\" data-element_type=\"widget\" data-widget_type=\"heading.default\">\n\t\t\t\t<div class=\"elementor-widget-container\">\n\t\t\t\t\t<h4 class=\"elementor-heading-title elementor-size-default\">ZONE 2<br><br><\/h4>\t\t\t\t<\/div>\n\t\t\t\t<\/div>\n\t\t\t\t<div class=\"elementor-element elementor-element-c41f797 elementor-widget__width-initial elementor-widget-tablet__width-initial elementor-widget elementor-widget-text-editor\" data-id=\"c41f797\" data-element_type=\"widget\" data-widget_type=\"text-editor.default\">\n\t\t\t\t<div class=\"elementor-widget-container\">\n\t\t\t\t\t\t\t\t\t<hr \/><p><strong>10-11h<\/strong> Dessine une page de manga par <em>Libidibidoo<\/em><\/p><ul><li><em>Libidibidoo<\/em> te guidera pour dessiner une page de manga.<\/li><\/ul><hr \/><p><strong>11-12h<\/strong> Cr\u00e9ation de carte Pok\u00e9mon par <em>Ilona la petite \u00e9toile\u00a0<\/em><\/p><ul><li>Cr\u00e9ativit\u00e9 et imagination \u00e0 travers le dessin de votre propre \u00ab\u00a0Pok\u00e9mon \u00a0\u00bb .<\/li><\/ul><hr \/><p><strong>13-14h <\/strong>Initiation au jeu de r\u00f4le par <em>La Looterie\u00a0<\/em><\/p><ul><li>Atelier d\u2019initiation au jeu de r\u00f4le sur table, anim\u00e9 par un Ma\u00eetre du Jeu o\u00f9 les participants pourront cr\u00e9er un personnage (Si nous avons le temps) ou vivre une aventure \u201cone-shot\u201d immersive d\u2019environ 1 heure, sans aucun pr\u00e9requis.<\/li><\/ul><hr \/><p><strong>14-15h<\/strong> Cr\u00e9e ton propre marque page personnalis\u00e9 par <em>LNP<\/em><\/p><hr \/>\t\t\t\t\t\t\t\t<\/div>\n\t\t\t\t<\/div>\n\t\t\t\t<\/div>\n\t\t\t\t<\/div>\n\t\t<div class=\"elementor-element elementor-element-af77d2d e-con-full e-flex e-con e-child\" data-id=\"af77d2d\" data-element_type=\"container\" data-settings=\"{&quot;background_background&quot;:&quot;classic&quot;,&quot;shape_divider_top_negative&quot;:&quot;yes&quot;,&quot;shape_divider_top&quot;:&quot;triangle-asymmetrical&quot;}\">\n\t\t\t\t<div class=\"elementor-shape elementor-shape-top\" aria-hidden=\"true\" data-negative=\"true\">\n\t\t\t<svg xmlns=\"http:\/\/www.w3.org\/2000\/svg\" viewBox=\"0 0 1000 100\" preserveAspectRatio=\"none\">\n\t<path class=\"elementor-shape-fill\" d=\"M737.9,94.7L0,0v100h1000V0L737.9,94.7z\"\/>\n<\/svg>\t\t<\/div>\n\t\t<!-- dce invisible element 03e4169 -->\t\t<\/div>\n\t\t\t\t<\/div>\n\t\t\t\t\t<\/div>\n\t\t\t\t<\/div>\n\t\t<!-- dce invisible element 3c60bcf --><!-- dce invisible element 48bfdc8 --><!-- dce invisible element 109427d --><!-- dce invisible element 6abe042 --><!-- dce invisible element 86d2b3e --><!-- dce invisible element 7643357 --><!-- dce invisible element 39d2113 --><!-- dce invisible element 0879b06 --><!-- dce invisible element ccfedd0 --><div class=\"elementor-element elementor-element-92a32c5 e-flex e-con-boxed e-con e-parent\" data-id=\"92a32c5\" data-element_type=\"container\">\n\t\t\t\t\t<div class=\"e-con-inner\">\n\t\t\t\t\t<\/div>\n\t\t\t\t<\/div>\n\t\t\t\t<\/div>\n\t\t","protected":false},"excerpt":{"rendered":"<p>Belgian Valley D\u00e9couvre la nouvelle zone d\u00e9di\u00e9e aux jeunes cr\u00e9ateurs belges Nouvelle Zone: Belgian Valley La Belgian Valley est la toute nouvelle zone exclusivement d\u00e9di\u00e9e aux artistes et au savoir-faire des cr\u00e9ateurs belges ! Un lieu unique, vibrant et inspirant, pens\u00e9 pour mettre en lumi\u00e8re la cr\u00e9ativit\u00e9 locale sous toutes ses formes.Vous y retrouverez 34 [&hellip;]<\/p>\n","protected":false},"author":1595,"featured_media":55443,"parent":0,"menu_order":0,"comment_status":"closed","ping_status":"closed","template":"","meta":{"_seopress_robots_primary_cat":"","_seopress_titles_title":"Belgian Valley","_seopress_titles_desc":"D\u00e9couvre les activit\u00e9s de la belgian valley","_seopress_robots_index":"","footnotes":""},"class_list":["post-176665","page","type-page","status-publish","has-post-thumbnail","hentry"],"_links":{"self":[{"href":"https:\/\/www.madeinasia.be\/fr\/wp-json\/wp\/v2\/pages\/176665","targetHints":{"allow":["GET"]}}],"collection":[{"href":"https:\/\/www.madeinasia.be\/fr\/wp-json\/wp\/v2\/pages"}],"about":[{"href":"https:\/\/www.madeinasia.be\/fr\/wp-json\/wp\/v2\/types\/page"}],"author":[{"embeddable":true,"href":"https:\/\/www.madeinasia.be\/fr\/wp-json\/wp\/v2\/users\/1595"}],"replies":[{"embeddable":true,"href":"https:\/\/www.madeinasia.be\/fr\/wp-json\/wp\/v2\/comments?post=176665"}],"version-history":[{"count":5,"href":"https:\/\/www.madeinasia.be\/fr\/wp-json\/wp\/v2\/pages\/176665\/revisions"}],"predecessor-version":[{"id":178282,"href":"https:\/\/www.madeinasia.be\/fr\/wp-json\/wp\/v2\/pages\/176665\/revisions\/178282"}],"wp:featuredmedia":[{"embeddable":true,"href":"https:\/\/www.madeinasia.be\/fr\/wp-json\/wp\/v2\/media\/55443"}],"wp:attachment":[{"href":"https:\/\/www.madeinasia.be\/fr\/wp-json\/wp\/v2\/media?parent=176665"}],"curies":[{"name":"wp","href":"https:\/\/api.w.org\/{rel}","templated":true}]}}