{"id":152,"date":"2020-06-25T14:11:39","date_gmt":"2020-06-25T12:11:39","guid":{"rendered":"https:\/\/www.madeinasia.be\/?page_id=152"},"modified":"2023-02-09T14:40:30","modified_gmt":"2023-02-09T13:40:30","slug":"newsletter","status":"publish","type":"page","link":"https:\/\/www.madeinasia.be\/fr\/newsletter\/","title":{"rendered":"Newsletter"},"content":{"rendered":"\t\t<div data-elementor-type=\"wp-page\" data-elementor-id=\"152\" class=\"elementor elementor-152\" data-elementor-post-type=\"page\">\n\t\t\t\t<div class=\"elementor-element elementor-element-add72be e-flex e-con-boxed e-con e-parent\" data-id=\"add72be\" data-element_type=\"container\">\n\t\t\t\t\t<div class=\"e-con-inner\">\n\t\t<div class=\"elementor-element elementor-element-27b5bd4 e-con-full border-container e-flex e-con e-child\" data-id=\"27b5bd4\" data-element_type=\"container\">\n\t\t<div class=\"elementor-element elementor-element-aea28e4 e-con-full e-flex e-con e-child\" data-id=\"aea28e4\" data-element_type=\"container\" data-settings=\"{&quot;background_background&quot;:&quot;classic&quot;}\">\n\t\t<div class=\"elementor-element elementor-element-9ddde02 e-con-full e-flex e-con e-child\" data-id=\"9ddde02\" data-element_type=\"container\" data-settings=\"{&quot;background_background&quot;:&quot;classic&quot;,&quot;motion_fx_motion_fx_scrolling&quot;:&quot;yes&quot;,&quot;motion_fx_translateY_effect&quot;:&quot;yes&quot;,&quot;motion_fx_translateY_direction&quot;:&quot;negative&quot;,&quot;motion_fx_translateY_speed&quot;:{&quot;unit&quot;:&quot;px&quot;,&quot;size&quot;:3,&quot;sizes&quot;:[]},&quot;motion_fx_devices&quot;:[&quot;desktop&quot;,&quot;tablet&quot;],&quot;motion_fx_translateY_affectedRange&quot;:{&quot;unit&quot;:&quot;%&quot;,&quot;size&quot;:&quot;&quot;,&quot;sizes&quot;:{&quot;start&quot;:0,&quot;end&quot;:100}}}\">\n\t\t\t\t<div class=\"elementor-element elementor-element-ff8abf9 elementor-widget elementor-widget-heading\" data-id=\"ff8abf9\" data-element_type=\"widget\" data-widget_type=\"heading.default\">\n\t\t\t\t<div class=\"elementor-widget-container\">\n\t\t\t\t\t<h1 class=\"elementor-heading-title elementor-size-default\">Newsletter<\/h1>\t\t\t\t<\/div>\n\t\t\t\t<\/div>\n\t\t\t\t<div class=\"elementor-element elementor-element-bd1acfb elementor-widget elementor-widget-heading\" data-id=\"bd1acfb\" data-element_type=\"widget\" data-widget_type=\"heading.default\">\n\t\t\t\t<div class=\"elementor-widget-container\">\n\t\t\t\t\t<h2 class=\"elementor-heading-title elementor-size-default\">Infos et bons plans<\/h2>\t\t\t\t<\/div>\n\t\t\t\t<\/div>\n\t\t\t\t<div class=\"elementor-element elementor-element-ce4a847 elementor-widget__width-initial elementor-widget elementor-widget-text-editor\" data-id=\"ce4a847\" data-element_type=\"widget\" data-widget_type=\"text-editor.default\">\n\t\t\t\t<div class=\"elementor-widget-container\">\n\t\t\t\t\t\t\t\t\t<p>S&rsquo;inscrire \u00e0 la newsletter du festival, c&rsquo;est profiter des meilleurs bons plans, conna\u00eetre les invit\u00e9s en avant-premi\u00e8re, d\u00e9couvrir les activit\u00e9s originales et fun, et b\u00e9n\u00e9ficier de bien des surprises comme des concours exclusifs !\u00a0<\/p>\t\t\t\t\t\t\t\t<\/div>\n\t\t\t\t<\/div>\n\t\t\t\t<\/div>\n\t\t\t\t<\/div>\n\t\t<div class=\"elementor-element elementor-element-e5d7ca2 e-con-full e-flex e-con e-child\" data-id=\"e5d7ca2\" data-element_type=\"container\">\n\t\t\t\t<div class=\"elementor-element elementor-element-66a9a9d elementor-widget elementor-widget-template\" data-id=\"66a9a9d\" data-element_type=\"widget\" data-widget_type=\"template.default\">\n\t\t\t\t<div class=\"elementor-widget-container\">\n\t\t\t\t\t\t\t<div class=\"elementor-template\">\n\t\t\t\t\t<div data-elementor-type=\"section\" data-elementor-id=\"61092\" class=\"elementor elementor-61092\" data-elementor-post-type=\"elementor_library\">\n\t\t\t<div class=\"elementor-element elementor-element-8bac5b4 e-con-full e-flex e-con e-parent\" data-id=\"8bac5b4\" data-element_type=\"container\" data-settings=\"{&quot;background_background&quot;:&quot;classic&quot;,&quot;shape_divider_bottom&quot;:&quot;triangle&quot;}\">\n\t\t\t\t<div class=\"elementor-shape elementor-shape-bottom\" aria-hidden=\"true\" data-negative=\"false\">\n\t\t\t<svg xmlns=\"http:\/\/www.w3.org\/2000\/svg\" viewBox=\"0 0 1000 100\" preserveAspectRatio=\"none\">\n\t<path class=\"elementor-shape-fill\" d=\"M500,98.9L0,6.1V0h1000v6.1L500,98.9z\"\/>\n<\/svg>\t\t<\/div>\n\t\t<div class=\"elementor-element elementor-element-d4845ef e-con-full animated-fast e-flex elementor-invisible e-con e-child\" data-id=\"d4845ef\" data-element_type=\"container\" data-settings=\"{&quot;background_background&quot;:&quot;classic&quot;,&quot;animation&quot;:&quot;slideInUp&quot;}\">\n\t\t\t\t<div class=\"elementor-element elementor-element-bfba79c elementor-widget elementor-widget-heading\" data-id=\"bfba79c\" data-element_type=\"widget\" data-widget_type=\"heading.default\">\n\t\t\t\t<div class=\"elementor-widget-container\">\n\t\t\t\t\t<h3 class=\"elementor-heading-title elementor-size-default\">Inscris-toi \u00e0 la newsletter Made In Asia<\/h3>\t\t\t\t<\/div>\n\t\t\t\t<\/div>\n\t\t\t\t<div class=\"elementor-element elementor-element-a45bdd9 elementor-widget elementor-widget-text-editor\" data-id=\"a45bdd9\" data-element_type=\"widget\" data-widget_type=\"text-editor.default\">\n\t\t\t\t<div class=\"elementor-widget-container\">\n\t\t\t\t\t\t\t\t\tLa solution pour tout conna\u00eetre avant tout le monde sur le festival ! Les nouveaux invit\u00e9s, les derni\u00e8res annonces, ne manque rien gr\u00e2ce aux newsletters.\t\t\t\t\t\t\t\t<\/div>\n\t\t\t\t<\/div>\n\t\t\t\t<div class=\"elementor-element elementor-element-a20c6f7 elementor-button-align-stretch elementor-widget elementor-widget-form\" data-id=\"a20c6f7\" data-element_type=\"widget\" data-settings=\"{&quot;step_next_label&quot;:&quot;Suivant&quot;,&quot;step_previous_label&quot;:&quot;Pr\\u00e9c\\u00e9dent&quot;,&quot;button_width&quot;:&quot;100&quot;,&quot;step_type&quot;:&quot;number_text&quot;,&quot;step_icon_shape&quot;:&quot;circle&quot;}\" data-widget_type=\"form.default\">\n\t\t\t\t<div class=\"elementor-widget-container\">\n\t\t\t\t\t\t\t<form class=\"elementor-form\" method=\"post\" id=\"rmia_newsletter_form\" name=\"Newsletter subscription\" aria-label=\"Newsletter subscription\">\n\t\t\t<input type=\"hidden\" name=\"post_id\" value=\"61092\"\/>\n\t\t\t<input type=\"hidden\" name=\"form_id\" value=\"a20c6f7\"\/>\n\t\t\t<input type=\"hidden\" name=\"referer_title\" value=\"\" \/>\n\n\t\t\t\n\t\t\t<div class=\"elementor-form-fields-wrapper elementor-labels-above\">\n\t\t\t\t\t\t\t\t<div class=\"elementor-field-type-text elementor-field-group elementor-column elementor-field-group-firstname elementor-col-50 elementor-field-required elementor-mark-required\">\n\t\t\t\t\t\t\t\t\t\t\t\t<label for=\"form-field-firstname\" class=\"elementor-field-label\">\n\t\t\t\t\t\t\t\tPr\u00e9nom\t\t\t\t\t\t\t<\/label>\n\t\t\t\t\t\t\t\t\t\t\t\t\t\t<input size=\"1\" type=\"text\" name=\"form_fields[firstname]\" id=\"form-field-firstname\" class=\"elementor-field elementor-size-md  elementor-field-textual\" required=\"required\">\n\t\t\t\t\t\t\t\t\t\t\t<\/div>\n\t\t\t\t\t\t\t\t<div class=\"elementor-field-type-text elementor-field-group elementor-column elementor-field-group-lastname elementor-col-50\">\n\t\t\t\t\t\t\t\t\t\t\t\t<label for=\"form-field-lastname\" class=\"elementor-field-label\">\n\t\t\t\t\t\t\t\tNom\t\t\t\t\t\t\t<\/label>\n\t\t\t\t\t\t\t\t\t\t\t\t\t\t<input size=\"1\" type=\"text\" name=\"form_fields[lastname]\" id=\"form-field-lastname\" class=\"elementor-field elementor-size-md  elementor-field-textual\">\n\t\t\t\t\t\t\t\t\t\t\t<\/div>\n\t\t\t\t\t\t\t\t<div class=\"elementor-field-type-email elementor-field-group elementor-column elementor-field-group-email elementor-col-50 elementor-field-required elementor-mark-required\">\n\t\t\t\t\t\t\t\t\t\t\t\t<label for=\"form-field-email\" class=\"elementor-field-label\">\n\t\t\t\t\t\t\t\tE-mail\t\t\t\t\t\t\t<\/label>\n\t\t\t\t\t\t\t\t\t\t\t\t\t\t<input size=\"1\" type=\"email\" name=\"form_fields[email]\" id=\"form-field-email\" class=\"elementor-field elementor-size-md  elementor-field-textual\" required=\"required\">\n\t\t\t\t\t\t\t\t\t\t\t<\/div>\n\t\t\t\t\t\t\t\t<div class=\"elementor-field-type-select elementor-field-group elementor-column elementor-field-group-languagecode elementor-col-50 elementor-field-required elementor-mark-required\">\n\t\t\t\t\t\t\t\t\t\t\t\t<label for=\"form-field-languagecode\" class=\"elementor-field-label\">\n\t\t\t\t\t\t\t\tLangue\t\t\t\t\t\t\t<\/label>\n\t\t\t\t\t\t\t\t<div class=\"elementor-field elementor-select-wrapper remove-before \">\n\t\t\t<div class=\"select-caret-down-wrapper\">\n\t\t\t\t<i aria-hidden=\"true\" class=\"eicon-caret-down\"><\/i>\t\t\t<\/div>\n\t\t\t<select name=\"form_fields[languagecode]\" id=\"form-field-languagecode\" class=\"elementor-field-textual elementor-size-md\" required=\"required\">\n\t\t\t\t\t\t\t\t\t<option value=\"fr\">Fran\u00e7ais<\/option>\n\t\t\t\t\t\t\t\t\t<option value=\"en\">Anglais<\/option>\n\t\t\t\t\t\t\t\t\t<option value=\"nl\">N\u00e9erlandais<\/option>\n\t\t\t\t\t\t\t\t\t<option value=\"de\">Allemand<\/option>\n\t\t\t\t\t\t\t<\/select>\n\t\t<\/div>\n\t\t\t\t\t\t<\/div>\n\t\t\t\t\t\t\t\t<div class=\"elementor-field-type-radio elementor-field-group elementor-column elementor-field-group-optin elementor-col-100 elementor-field-required elementor-mark-required\">\n\t\t\t\t\t\t\t\t\t\t\t\t<label for=\"form-field-optin\" class=\"elementor-field-label\">\n\t\t\t\t\t\t\t\tPolitique de confidentialit\u00e9 \t\t\t\t\t\t\t<\/label>\n\t\t\t\t\t\t<div class=\"elementor-field-subgroup  \"><span class=\"elementor-field-option\"><input type=\"radio\" value=\"Easyfairs\" id=\"form-field-optin-0\" name=\"form_fields[optin]\" required=\"required\"> <label for=\"form-field-optin-0\">J'ai lu et j'accepte <a href=\"https:\/\/www.easyfairs.com\/privacy-statement\/\">la politique de confidentialit\u00e9<\/a>. Made In Asia (Easyfairs) s'engage \u00e0 prot\u00e9ger vos donn\u00e9es personnelles. Dans notre Politique de confidentialit\u00e9 nous expliquons clairement comment nous collectons, conservons et g\u00e9rons vos informations. En vous inscrivant \u00e0 cette newsletter, vous nous autorisez \u00e0 utiliser vos donn\u00e9es de contact \u00e9lectroniques afin de vous envoyer des e-mails pertinents pour vous informer au sujet de nos \u00e9v\u00e9nements et produits li\u00e9s.<\/label><\/span><\/div>\t\t\t\t<\/div>\n\t\t\t\t\t\t\t\t<div class=\"elementor-field-group elementor-column elementor-field-type-submit elementor-col-100 e-form__buttons\">\n\t\t\t\t\t<button class=\"elementor-button elementor-size-sm\" type=\"submit\">\n\t\t\t\t\t\t<span class=\"elementor-button-content-wrapper\">\n\t\t\t\t\t\t\t\t\t\t\t\t\t\t\t\t\t\t\t\t\t\t<span class=\"elementor-button-text\">M'inscrire<\/span>\n\t\t\t\t\t\t\t\t\t\t\t\t\t<\/span>\n\t\t\t\t\t<\/button>\n\t\t\t\t<\/div>\n\t\t\t<\/div>\n\t\t<\/form>\n\t\t\t\t\t\t<\/div>\n\t\t\t\t<\/div>\n\t\t\t\t<\/div>\n\t\t\t\t<\/div>\n\t\t\t\t<\/div>\n\t\t\t\t<\/div>\n\t\t\t\t\t\t<\/div>\n\t\t\t\t<\/div>\n\t\t\t\t<\/div>\n\t\t<div class=\"elementor-element elementor-element-a76ff1c e-con-full e-flex e-con e-child\" data-id=\"a76ff1c\" data-element_type=\"container\" data-settings=\"{&quot;background_background&quot;:&quot;classic&quot;,&quot;shape_divider_top&quot;:&quot;tilt&quot;,&quot;shape_divider_bottom&quot;:&quot;triangle-asymmetrical&quot;}\">\n\t\t\t\t<div class=\"elementor-shape elementor-shape-top\" aria-hidden=\"true\" data-negative=\"false\">\n\t\t\t<svg xmlns=\"http:\/\/www.w3.org\/2000\/svg\" viewBox=\"0 0 1000 100\" preserveAspectRatio=\"none\">\n\t<path class=\"elementor-shape-fill\" d=\"M0,6V0h1000v100L0,6z\"\/>\n<\/svg>\t\t<\/div>\n\t\t\t\t<div class=\"elementor-shape elementor-shape-bottom\" aria-hidden=\"true\" data-negative=\"false\">\n\t\t\t<svg xmlns=\"http:\/\/www.w3.org\/2000\/svg\" viewBox=\"0 0 1000 100\" preserveAspectRatio=\"none\">\n\t<path class=\"elementor-shape-fill\" d=\"M738,99l262-93V0H0v5.6L738,99z\"\/>\n<\/svg>\t\t<\/div>\n\t\t<div class=\"elementor-element elementor-element-cca6cda e-con-full e-flex e-con e-child\" data-id=\"cca6cda\" data-element_type=\"container\">\n\t\t\t\t<div class=\"elementor-element elementor-element-4a836c7 elementor-cta--layout-image-above elementor-cta--tablet-layout-image-left elementor-cta--mobile-layout-image-above elementor-widget__width-initial elementor-cta--skin-classic elementor-animated-content elementor-bg-transform elementor-bg-transform-zoom-in elementor-widget elementor-widget-call-to-action\" data-id=\"4a836c7\" data-element_type=\"widget\" data-widget_type=\"call-to-action.default\">\n\t\t\t\t<div class=\"elementor-widget-container\">\n\t\t\t\t\t\t\t<div class=\"elementor-cta\">\n\t\t\t\t\t\t\t<div class=\"elementor-cta__content\">\n\t\t\t\t\t\t\t\t\t<div class=\"elementor-content-item elementor-cta__content-item elementor-icon-wrapper elementor-cta__icon elementor-view-stacked elementor-shape-circle\">\n\t\t\t\t\t\t<div class=\"elementor-icon\">\n\t\t\t\t\t\t\t<i aria-hidden=\"true\" class=\"fas fa-question\"><\/i>\t\t\t\t\t\t<\/div>\n\t\t\t\t\t<\/div>\n\t\t\t\t\n\t\t\t\t\t\t\t\t\t<h3 class=\"elementor-cta__title elementor-cta__content-item elementor-content-item\">\n\t\t\t\t\t\tMade in Asia c'est quoi ?\t\t\t\t\t<\/h3>\n\t\t\t\t\n\t\t\t\t\t\t\t\t\t<div class=\"elementor-cta__description elementor-cta__content-item elementor-content-item\">\n\t\t\t\t\t\tD\u00e9couvre ici tout ce qu'il y aura \u00e0 voir, \u00e0 faire et \u00e0 exp\u00e9rimenter au festival Made in Asia.<br><br>Et bien plus encore ! \t\t\t\t\t<\/div>\n\t\t\t\t\n\t\t\t\t\t\t\t\t\t<div class=\"elementor-cta__button-wrapper elementor-cta__content-item elementor-content-item \">\n\t\t\t\t\t<a class=\"elementor-cta__button elementor-button elementor-size-lg\" href=\"https:\/\/www.madeinasia.be\/fr\/a-propos\/\">\n\t\t\t\t\t\tLire plus\t\t\t\t\t<\/a>\n\t\t\t\t\t<\/div>\n\t\t\t\t\t\t\t<\/div>\n\t\t\t\t\t\t<\/div>\n\t\t\t\t\t\t<\/div>\n\t\t\t\t<\/div>\n\t\t\t\t<div class=\"elementor-element elementor-element-ebbccf3 elementor-cta--layout-image-above elementor-cta--tablet-layout-image-left elementor-cta--mobile-layout-image-above elementor-widget__width-initial elementor-cta--skin-classic elementor-animated-content elementor-bg-transform elementor-bg-transform-zoom-in elementor-widget elementor-widget-call-to-action\" data-id=\"ebbccf3\" data-element_type=\"widget\" data-widget_type=\"call-to-action.default\">\n\t\t\t\t<div class=\"elementor-widget-container\">\n\t\t\t\t\t\t\t<div class=\"elementor-cta\">\n\t\t\t\t\t\t\t<div class=\"elementor-cta__content\">\n\t\t\t\t\t\t\t\t\t<div class=\"elementor-content-item elementor-cta__content-item elementor-icon-wrapper elementor-cta__icon elementor-view-stacked elementor-shape-circle\">\n\t\t\t\t\t\t<div class=\"elementor-icon\">\n\t\t\t\t\t\t\t<i aria-hidden=\"true\" class=\"fas fa-gamepad\"><\/i>\t\t\t\t\t\t<\/div>\n\t\t\t\t\t<\/div>\n\t\t\t\t\n\t\t\t\t\t\t\t\t\t<h3 class=\"elementor-cta__title elementor-cta__content-item elementor-content-item\">\n\t\t\t\t\t\tProgramme<br>\t\t\t\t\t<\/h3>\n\t\t\t\t\n\t\t\t\t\t\t\t\t\t<div class=\"elementor-cta__description elementor-cta__content-item elementor-content-item\">\n\t\t\t\t\t\tConsultez l\u2019horaire des activit\u00e9s, des d\u00e9dicaces, des concerts ! Vous souhaitez gagner du temps le jour J en fon\u00e7ant \u00e0 un point d'int\u00e9r\u00eat ? <br>Cliquez ici !\t\t\t\t\t<\/div>\n\t\t\t\t\n\t\t\t\t\t\t\t\t\t<div class=\"elementor-cta__button-wrapper elementor-cta__content-item elementor-content-item \">\n\t\t\t\t\t<a class=\"elementor-cta__button elementor-button elementor-size-lg\" href=\"https:\/\/www.madeinasia.be\/fr\/toutes-les-activites\/\">\n\t\t\t\t\t\tPlan et programme\t\t\t\t\t<\/a>\n\t\t\t\t\t<\/div>\n\t\t\t\t\t\t\t<\/div>\n\t\t\t\t\t\t<\/div>\n\t\t\t\t\t\t<\/div>\n\t\t\t\t<\/div>\n\t\t\t\t<div class=\"elementor-element elementor-element-9b67655 elementor-cta--layout-image-above elementor-cta--tablet-layout-image-left elementor-cta--mobile-layout-image-above elementor-widget__width-initial elementor-cta--skin-classic elementor-animated-content elementor-bg-transform elementor-bg-transform-zoom-in elementor-widget elementor-widget-call-to-action\" data-id=\"9b67655\" data-element_type=\"widget\" data-widget_type=\"call-to-action.default\">\n\t\t\t\t<div class=\"elementor-widget-container\">\n\t\t\t\t\t\t\t<div class=\"elementor-cta\">\n\t\t\t\t\t\t\t<div class=\"elementor-cta__content\">\n\t\t\t\t\t\t\t\t\t<div class=\"elementor-content-item elementor-cta__content-item elementor-icon-wrapper elementor-cta__icon elementor-view-stacked elementor-shape-circle\">\n\t\t\t\t\t\t<div class=\"elementor-icon\">\n\t\t\t\t\t\t\t<i aria-hidden=\"true\" class=\"fas fa-search\"><\/i>\t\t\t\t\t\t<\/div>\n\t\t\t\t\t<\/div>\n\t\t\t\t\n\t\t\t\t\t\t\t\t\t<h3 class=\"elementor-cta__title elementor-cta__content-item elementor-content-item\">\n\t\t\t\t\t\tFAQ\t\t\t\t\t<\/h3>\n\t\t\t\t\n\t\t\t\t\t\t\t\t\t<div class=\"elementor-cta__description elementor-cta__content-item elementor-content-item\">\n\t\t\t\t\t\tUne question ? La r\u00e9ponse se trouve s\u00fbrement dans cette liste. Sinon, envoie un petit mail et on y r\u00e9pondra.<br><br>Alors, n'attends plus !\t\t\t\t\t<\/div>\n\t\t\t\t\n\t\t\t\t\t\t\t\t\t<div class=\"elementor-cta__button-wrapper elementor-cta__content-item elementor-content-item \">\n\t\t\t\t\t<a class=\"elementor-cta__button elementor-button elementor-size-lg\" href=\"https:\/\/www.madeinasia.be\/fr\/faq\/\">\n\t\t\t\t\t\tLire plus\t\t\t\t\t<\/a>\n\t\t\t\t\t<\/div>\n\t\t\t\t\t\t\t<\/div>\n\t\t\t\t\t\t<\/div>\n\t\t\t\t\t\t<\/div>\n\t\t\t\t<\/div>\n\t\t\t\t<\/div>\n\t\t\t\t<\/div>\n\t\t\t\t<\/div>\n\t\t\t\t\t<\/div>\n\t\t\t\t<\/div>\n\t\t\t\t<\/div>\n\t\t","protected":false},"excerpt":{"rendered":"<p>Newsletter Infos et bons plans S&rsquo;inscrire \u00e0 la newsletter du festival, c&rsquo;est profiter des meilleurs bons plans, conna\u00eetre les invit\u00e9s en avant-premi\u00e8re, d\u00e9couvrir les activit\u00e9s originales et fun, et b\u00e9n\u00e9ficier de bien des surprises comme des concours exclusifs !\u00a0 Made in Asia c&rsquo;est quoi ? D\u00e9couvre ici tout ce qu&rsquo;il y aura \u00e0 voir, \u00e0 [&hellip;]<\/p>\n","protected":false},"author":933,"featured_media":0,"parent":0,"menu_order":0,"comment_status":"closed","ping_status":"closed","template":"","meta":{"_seopress_robots_primary_cat":"","_seopress_titles_title":"Inscrivez-vous \u00e0 la newsletter du festival Made in Asia ","_seopress_titles_desc":"Abonnez-vous pour connaitre tous les bons plans et astuces du festival, d\u00e9couvrir les annonces avant tout le monde et participer \u00e0 des concours !","_seopress_robots_index":"","footnotes":""},"class_list":["post-152","page","type-page","status-publish","hentry"],"_links":{"self":[{"href":"https:\/\/www.madeinasia.be\/fr\/wp-json\/wp\/v2\/pages\/152","targetHints":{"allow":["GET"]}}],"collection":[{"href":"https:\/\/www.madeinasia.be\/fr\/wp-json\/wp\/v2\/pages"}],"about":[{"href":"https:\/\/www.madeinasia.be\/fr\/wp-json\/wp\/v2\/types\/page"}],"author":[{"embeddable":true,"href":"https:\/\/www.madeinasia.be\/fr\/wp-json\/wp\/v2\/users\/933"}],"replies":[{"embeddable":true,"href":"https:\/\/www.madeinasia.be\/fr\/wp-json\/wp\/v2\/comments?post=152"}],"version-history":[{"count":5,"href":"https:\/\/www.madeinasia.be\/fr\/wp-json\/wp\/v2\/pages\/152\/revisions"}],"predecessor-version":[{"id":63820,"href":"https:\/\/www.madeinasia.be\/fr\/wp-json\/wp\/v2\/pages\/152\/revisions\/63820"}],"wp:attachment":[{"href":"https:\/\/www.madeinasia.be\/fr\/wp-json\/wp\/v2\/media?parent=152"}],"curies":[{"name":"wp","href":"https:\/\/api.w.org\/{rel}","templated":true}]}}