{"id":151489,"date":"2025-07-01T14:02:00","date_gmt":"2025-07-01T12:02:00","guid":{"rendered":"https:\/\/www.madeinasia.be\/?page_id=151489"},"modified":"2026-04-27T09:23:36","modified_gmt":"2026-04-27T07:23:36","slug":"les-invites-heroes-comic-con-gameforce-et-made-in-asia","status":"publish","type":"page","link":"https:\/\/www.madeinasia.be\/fr\/les-invites-heroes-comic-con-gameforce-et-made-in-asia\/","title":{"rendered":"Les invit\u00e9s"},"content":{"rendered":"\t\t<div data-elementor-type=\"wp-page\" data-elementor-id=\"151489\" class=\"elementor elementor-151489\" data-elementor-post-type=\"page\">\n\t\t\t\t<div class=\"elementor-element elementor-element-ee07524 e-flex e-con-boxed e-con e-parent\" data-id=\"ee07524\" data-element_type=\"container\">\n\t\t\t\t\t<div class=\"e-con-inner\">\n\t\t<div class=\"elementor-element elementor-element-303ee8f e-con-full border-container e-flex e-con e-child\" data-id=\"303ee8f\" data-element_type=\"container\">\n\t\t<div class=\"elementor-element elementor-element-018033b e-con-full e-flex e-con e-child\" data-id=\"018033b\" data-element_type=\"container\" data-settings=\"{&quot;background_background&quot;:&quot;classic&quot;}\">\n\t\t<div class=\"elementor-element elementor-element-f78a0d8 e-con-full e-flex e-con e-child\" data-id=\"f78a0d8\" data-element_type=\"container\" data-settings=\"{&quot;background_background&quot;:&quot;classic&quot;,&quot;motion_fx_motion_fx_scrolling&quot;:&quot;yes&quot;,&quot;motion_fx_translateY_effect&quot;:&quot;yes&quot;,&quot;motion_fx_translateY_direction&quot;:&quot;negative&quot;,&quot;motion_fx_translateY_speed&quot;:{&quot;unit&quot;:&quot;px&quot;,&quot;size&quot;:3,&quot;sizes&quot;:[]},&quot;motion_fx_devices&quot;:[&quot;desktop&quot;,&quot;tablet&quot;],&quot;motion_fx_translateY_affectedRange&quot;:{&quot;unit&quot;:&quot;%&quot;,&quot;size&quot;:&quot;&quot;,&quot;sizes&quot;:{&quot;start&quot;:0,&quot;end&quot;:100}}}\">\n\t\t\t\t<div class=\"elementor-element elementor-element-d6c26e4 elementor-widget elementor-widget-heading\" data-id=\"d6c26e4\" data-element_type=\"widget\" data-widget_type=\"heading.default\">\n\t\t\t\t<div class=\"elementor-widget-container\">\n\t\t\t\t\t<h1 class=\"elementor-heading-title elementor-size-default\">Les invit\u00e9s Made in Asia<\/h1>\t\t\t\t<\/div>\n\t\t\t\t<\/div>\n\t\t\t\t<div class=\"elementor-element elementor-element-4fd74cd elementor-widget__width-initial elementor-widget elementor-widget-heading\" data-id=\"4fd74cd\" data-element_type=\"widget\" data-widget_type=\"heading.default\">\n\t\t\t\t<div class=\"elementor-widget-container\">\n\t\t\t\t\t<h3 class=\"elementor-heading-title elementor-size-default\">D\u00e9couvre la liste des invit\u00e9s de  Made in Asia\n<\/h3>\t\t\t\t<\/div>\n\t\t\t\t<\/div>\n\t\t\t\t<\/div>\n\t\t\t\t<\/div>\n\t\t<div class=\"elementor-element elementor-element-8e2d922 e-con-full e-flex e-con e-child\" data-id=\"8e2d922\" data-element_type=\"container\" data-settings=\"{&quot;background_background&quot;:&quot;classic&quot;,&quot;shape_divider_top&quot;:&quot;tilt&quot;,&quot;shape_divider_bottom&quot;:&quot;triangle-asymmetrical&quot;}\">\n\t\t\t\t<div class=\"elementor-shape elementor-shape-top\" aria-hidden=\"true\" data-negative=\"false\">\n\t\t\t<svg xmlns=\"http:\/\/www.w3.org\/2000\/svg\" viewBox=\"0 0 1000 100\" preserveAspectRatio=\"none\">\n\t<path class=\"elementor-shape-fill\" d=\"M0,6V0h1000v100L0,6z\"\/>\n<\/svg>\t\t<\/div>\n\t\t\t\t<div class=\"elementor-shape elementor-shape-bottom\" aria-hidden=\"true\" data-negative=\"false\">\n\t\t\t<svg xmlns=\"http:\/\/www.w3.org\/2000\/svg\" viewBox=\"0 0 1000 100\" preserveAspectRatio=\"none\">\n\t<path class=\"elementor-shape-fill\" d=\"M738,99l262-93V0H0v5.6L738,99z\"\/>\n<\/svg>\t\t<\/div>\n\t\t<div class=\"elementor-element elementor-element-9310a91 e-con-full e-flex e-con e-child\" data-id=\"9310a91\" data-element_type=\"container\">\n\t\t<!-- dce invisible element 4c3595f -->\t\t<div class=\"elementor-element elementor-element-b4c2a87 elementor-cta--layout-image-above elementor-cta--tablet-layout-image-left elementor-cta--mobile-layout-image-above elementor-widget__width-initial elementor-cta--skin-classic elementor-animated-content elementor-bg-transform elementor-bg-transform-zoom-in elementor-widget elementor-widget-call-to-action\" data-id=\"b4c2a87\" data-element_type=\"widget\" data-widget_type=\"call-to-action.default\">\n\t\t\t\t<div class=\"elementor-widget-container\">\n\t\t\t\t\t\t\t<a class=\"elementor-cta\" href=\"https:\/\/www.madeinasia.be\/fr\/les-dedicaces\/\">\n\t\t\t\t\t<div class=\"elementor-cta__bg-wrapper\">\n\t\t\t\t<div class=\"elementor-cta__bg elementor-bg\" style=\"background-image: url(https:\/\/easyfairsassets.com\/sites\/249\/2025\/07\/invite-MIA.png);\" role=\"img\" aria-label=\"invit\u00e9 MIA\"><\/div>\n\t\t\t\t<div class=\"elementor-cta__bg-overlay\"><\/div>\n\t\t\t<\/div>\n\t\t\t\t\t\t\t<div class=\"elementor-cta__content\">\n\t\t\t\t\n\t\t\t\t\t\t\t\t\t<h3 class=\"elementor-cta__title elementor-cta__content-item elementor-content-item\">\n\t\t\t\t\t\tLes invit\u00e9s Made in Asia\t\t\t\t\t<\/h3>\n\t\t\t\t\n\t\t\t\t\n\t\t\t\t\t\t\t\t\t<div class=\"elementor-cta__button-wrapper elementor-cta__content-item elementor-content-item \">\n\t\t\t\t\t<span class=\"elementor-cta__button elementor-button elementor-size-lg\">\n\t\t\t\t\t\tComment rencontrer un invit\u00e9 Made in Asia ?\t\t\t\t\t<\/span>\n\t\t\t\t\t<\/div>\n\t\t\t\t\t\t\t<\/div>\n\t\t\t\t\t\t<\/a>\n\t\t\t\t\t\t<\/div>\n\t\t\t\t<\/div>\n\t\t<!-- dce invisible element 1468981 -->\t\t<\/div>\n\t\t<!-- dce invisible element db8a1af --><div class=\"elementor-element elementor-element-ef6227b e-con-full e-flex e-con e-child\" data-id=\"ef6227b\" data-element_type=\"container\">\n\t\t<!-- dce invisible element f99b3b0 -->\t\t<div class=\"elementor-element elementor-element-5c28edc elementor-cta--layout-image-above elementor-cta--tablet-layout-image-right elementor-cta--mobile-layout-image-above elementor-widget__width-initial elementor-cta--skin-classic elementor-animated-content elementor-bg-transform elementor-bg-transform-zoom-in elementor-widget elementor-widget-call-to-action\" data-id=\"5c28edc\" data-element_type=\"widget\" data-widget_type=\"call-to-action.default\">\n\t\t\t\t<div class=\"elementor-widget-container\">\n\t\t\t\t\t\t\t<div class=\"elementor-cta\">\n\t\t\t\t\t<div class=\"elementor-cta__bg-wrapper\">\n\t\t\t\t<div class=\"elementor-cta__bg elementor-bg\" style=\"background-image: url(https:\/\/easyfairsassets.com\/sites\/249\/2021\/04\/71952424_10156597317974849_4810758736144498688_n-1024x683.jpg);\" role=\"img\" aria-label=\"D\u00e9couvrez les activit\u00e9s manga\"><\/div>\n\t\t\t\t<div class=\"elementor-cta__bg-overlay\"><\/div>\n\t\t\t<\/div>\n\t\t\t\t\t\t\t<div class=\"elementor-cta__content\">\n\t\t\t\t\n\t\t\t\t\t\t\t\t\t<h3 class=\"elementor-cta__title elementor-cta__content-item elementor-content-item\">\n\t\t\t\t\t\tActivit\u00e9s mangas\t\t\t\t\t<\/h3>\n\t\t\t\t\n\t\t\t\t\n\t\t\t\t\t\t\t\t\t<div class=\"elementor-cta__button-wrapper elementor-cta__content-item elementor-content-item \">\n\t\t\t\t\t<a class=\"elementor-cta__button elementor-button elementor-size-lg\" href=\"https:\/\/www.madeinasia.be\/fr\/activites-manga\/\">\n\t\t\t\t\t\tD\u00e9couvre\t\t\t\t\t<\/a>\n\t\t\t\t\t<\/div>\n\t\t\t\t\t\t\t<\/div>\n\t\t\t\t\t\t<\/div>\n\t\t\t\t\t\t<\/div>\n\t\t\t\t<\/div>\n\t\t\t\t<div class=\"elementor-element elementor-element-852a218 elementor-cta--layout-image-above elementor-cta--tablet-layout-image-left elementor-cta--mobile-layout-image-above elementor-widget__width-initial elementor-cta--skin-classic elementor-animated-content elementor-bg-transform elementor-bg-transform-zoom-in elementor-widget elementor-widget-call-to-action\" data-id=\"852a218\" data-element_type=\"widget\" data-widget_type=\"call-to-action.default\">\n\t\t\t\t<div class=\"elementor-widget-container\">\n\t\t\t\t\t\t\t<div class=\"elementor-cta\">\n\t\t\t\t\t<div class=\"elementor-cta__bg-wrapper\">\n\t\t\t\t<div class=\"elementor-cta__bg elementor-bg\" style=\"background-image: url(https:\/\/easyfairsassets.com\/sites\/249\/2022\/08\/51-822x1024.png);\" role=\"img\" aria-label=\"51\"><\/div>\n\t\t\t\t<div class=\"elementor-cta__bg-overlay\"><\/div>\n\t\t\t<\/div>\n\t\t\t\t\t\t\t<div class=\"elementor-cta__content\">\n\t\t\t\t\n\t\t\t\t\t\t\t\t\t<h3 class=\"elementor-cta__title elementor-cta__content-item elementor-content-item\">\n\t\t\t\t\t\tLittle Asia\t\t\t\t\t<\/h3>\n\t\t\t\t\n\t\t\t\t\n\t\t\t\t\t\t\t\t\t<div class=\"elementor-cta__button-wrapper elementor-cta__content-item elementor-content-item \">\n\t\t\t\t\t<a class=\"elementor-cta__button elementor-button elementor-size-lg\" href=\"https:\/\/www.madeinasia.be\/fr\/little-asia\/\">\n\t\t\t\t\t\tD\u00e9couvre\t\t\t\t\t<\/a>\n\t\t\t\t\t<\/div>\n\t\t\t\t\t\t\t<\/div>\n\t\t\t\t\t\t<\/div>\n\t\t\t\t\t\t<\/div>\n\t\t\t\t<\/div>\n\t\t\t\t<\/div>\n\t\t\t\t<\/div>\n\t\t\t\t<\/div>\n\t\t\t\t\t<\/div>\n\t\t\t\t<\/div>\n\t\t\t\t<\/div>\n\t\t","protected":false},"excerpt":{"rendered":"<p>D\u00e9couvre la liste des invit\u00e9s<\/p>\n","protected":false},"author":1068,"featured_media":0,"parent":0,"menu_order":0,"comment_status":"closed","ping_status":"closed","template":"","meta":{"_seopress_robots_primary_cat":"","_seopress_titles_title":"D\u00e9couvre la liste des invit\u00e9s","_seopress_titles_desc":"D\u00e9couvre la liste des invit\u00e9s","_seopress_robots_index":"","footnotes":""},"class_list":["post-151489","page","type-page","status-publish","hentry"],"_links":{"self":[{"href":"https:\/\/www.madeinasia.be\/fr\/wp-json\/wp\/v2\/pages\/151489","targetHints":{"allow":["GET"]}}],"collection":[{"href":"https:\/\/www.madeinasia.be\/fr\/wp-json\/wp\/v2\/pages"}],"about":[{"href":"https:\/\/www.madeinasia.be\/fr\/wp-json\/wp\/v2\/types\/page"}],"author":[{"embeddable":true,"href":"https:\/\/www.madeinasia.be\/fr\/wp-json\/wp\/v2\/users\/1068"}],"replies":[{"embeddable":true,"href":"https:\/\/www.madeinasia.be\/fr\/wp-json\/wp\/v2\/comments?post=151489"}],"version-history":[{"count":5,"href":"https:\/\/www.madeinasia.be\/fr\/wp-json\/wp\/v2\/pages\/151489\/revisions"}],"predecessor-version":[{"id":179803,"href":"https:\/\/www.madeinasia.be\/fr\/wp-json\/wp\/v2\/pages\/151489\/revisions\/179803"}],"wp:attachment":[{"href":"https:\/\/www.madeinasia.be\/fr\/wp-json\/wp\/v2\/media?parent=151489"}],"curies":[{"name":"wp","href":"https:\/\/api.w.org\/{rel}","templated":true}]}}